{"id":634,"date":"2026-02-24T11:46:21","date_gmt":"2026-02-24T11:46:21","guid":{"rendered":"https:\/\/rusticalgarve.eu\/product\/ganze-johannisbrotschoten-750-g\/"},"modified":"2026-03-14T14:11:02","modified_gmt":"2026-03-14T14:11:02","slug":"ganze-johannisbrotschoten-750-g","status":"publish","type":"product","link":"https:\/\/rusticalgarve.eu\/de\/product\/ganze-johannisbrotschoten-750-g\/","title":{"rendered":"Ganze Johannisbrotschoten \u2013 750 g (leicht ger\u00f6stet)"},"content":{"rendered":"<p>Sorgf\u00e4ltig von Hand geerntet und schonend auf unserer Quinta in der Algarve zubereitet, bleiben unsere ganzen Johannisbrotschoten ihrem nat\u00fcrlichen Charakter treu.<\/p>\n<p>Jede Charge wird gewaschen, handverlesen und bei niedrigen Temperaturen (80\u201385 \u00b0C f\u00fcr ca. 20 Minuten) leicht ger\u00f6stet, um ihre nat\u00fcrliche S\u00fc\u00dfe zu verst\u00e4rken, ohne sie zu \u00fcberdecken. Nach dem Abk\u00fchlen wird jede Schote erneut gepr\u00fcft, bevor sie in 750-g-Beutel verpackt wird.<\/p>\n<h2>Ganze Johannisbrotschoten: Unser Verfahren ist einfach und ehrlich<\/h2>\n<ul>\n<li>Von Hand geerntet<\/li>\n<li>Schonend gewaschen &amp; ausgew\u00e4hlt<\/li>\n<li>Bei niedriger Temperatur leicht ger\u00f6stet<\/li>\n<li>Sorgf\u00e4ltig gek\u00fchlt und gepr\u00fcft<\/li>\n<li>Direkt auf unserer Quinta verpackt<\/li>\n<li>Keine Zusatzstoffe<\/li>\n<li>Ohne Konservierungsstoffe<\/li>\n<\/ul>\n<p>Johannisbrot wird in mediterranen Regionen seit Jahrhunderten gesch\u00e4tzt. Sein nat\u00fcrlich s\u00fc\u00dfer Geschmack macht es ideal als Snack, f\u00fcr Teeaufg\u00fcsse oder als traditionelle Zutat in der Naturk\u00fcche.<\/p>\n<p><strong>Einfach. Ehrlich. Nat\u00fcrlich s\u00fc\u00df.<br \/>\n<\/strong><\/p>\n<p>Dieses Produkt wird direkt auf unserer Quinta in S\u00fcdportugal hergestellt. Erfahren Sie mehr <a href=\"https:\/\/rusticalgarve.eu\/de\/ueber-rustic-algarve\/\">\u00fcber Rustic Algarve<\/a> und unseren Ansatz zur traditionellen Johannisbrotproduktion.<\/p>\n<h2 data-section-id=\"q343gt\" data-start=\"199\" data-end=\"247\">\ud83c\udf3f Unser Prozess &amp; unsere nat\u00fcrliche Qualit\u00e4t<\/h2>\n<p data-start=\"249\" data-end=\"360\">Unsere Johannisbrot-Schoten werden in Portugal von Hand geerntet und sorgf\u00e4ltig in kleinen Chargen verarbeitet.<\/p>\n<p data-start=\"362\" data-end=\"425\">Im Gegensatz zu industriellen Produkten ist unser Johannisbrot:<\/p>\n<ul data-start=\"427\" data-end=\"507\">\n<li data-section-id=\"gwvi4g\" data-start=\"427\" data-end=\"450\">\n<p data-start=\"429\" data-end=\"450\">frei von Pestiziden<\/p>\n<\/li>\n<li data-section-id=\"1gei597\" data-start=\"451\" data-end=\"479\">\n<p data-start=\"453\" data-end=\"479\">nicht chemisch behandelt<\/p>\n<\/li>\n<li data-section-id=\"1mvl3ax\" data-start=\"480\" data-end=\"507\">\n<p data-start=\"482\" data-end=\"507\">nicht k\u00fcnstlich poliert<\/p>\n<\/li>\n<\/ul>\n<p data-start=\"509\" data-end=\"618\">Da es sich um ein echtes landwirtschaftliches Naturprodukt handelt, k\u00f6nnen nat\u00fcrliche Abweichungen auftreten.<\/p>\n<p data-start=\"620\" data-end=\"899\">Gelegentlich k\u00f6nnen kleine Oberfl\u00e4chenmerkmale oder leichte innere Unregelm\u00e4\u00dfigkeiten sichtbar sein, die w\u00e4hrend der Wachstumsphase entstanden sind.<br data-start=\"768\" data-end=\"771\" \/>Diese sind ein nat\u00fcrlicher Bestandteil unbehandelter Erzeugnisse und beeintr\u00e4chtigen weder die Qualit\u00e4t noch die Verwendbarkeit.<\/p>\n<hr data-start=\"901\" data-end=\"904\" \/>\n<h2 data-section-id=\"1bxa5uw\" data-start=\"906\" data-end=\"950\">Unsere sorgf\u00e4ltigen Verarbeitungsschritte<\/h2>\n<p data-start=\"952\" data-end=\"1014\">Jede Charge durchl\u00e4uft einen kontrollierten manuellen Prozess:<\/p>\n<ul data-start=\"1016\" data-end=\"1220\">\n<li data-section-id=\"z68cjn\" data-start=\"1016\" data-end=\"1029\">\n<p data-start=\"1018\" data-end=\"1029\">Handernte<\/p>\n<\/li>\n<li data-section-id=\"1ixd6jb\" data-start=\"1030\" data-end=\"1052\">\n<p data-start=\"1032\" data-end=\"1052\">Manuelle Selektion<\/p>\n<\/li>\n<li data-section-id=\"am6boq\" data-start=\"1053\" data-end=\"1066\">\n<p data-start=\"1055\" data-end=\"1066\">Reinigung<\/p>\n<\/li>\n<li data-section-id=\"1rfmz13\" data-start=\"1067\" data-end=\"1094\">\n<p data-start=\"1069\" data-end=\"1094\">Kontrollierte Trocknung<\/p>\n<\/li>\n<li data-section-id=\"1d9jczi\" data-start=\"1095\" data-end=\"1140\">\n<p data-start=\"1097\" data-end=\"1140\">Schonende R\u00f6stung bei 85\u00b0C f\u00fcr 20 Minuten<\/p>\n<\/li>\n<li data-section-id=\"1ficsyf\" data-start=\"1141\" data-end=\"1156\">\n<p data-start=\"1143\" data-end=\"1156\">Abk\u00fchlphase<\/p>\n<\/li>\n<li data-section-id=\"bn4a1l\" data-start=\"1157\" data-end=\"1193\">\n<p data-start=\"1159\" data-end=\"1193\">Abschlie\u00dfende manuelle Selektion<\/p>\n<\/li>\n<li data-section-id=\"1lwg1jo\" data-start=\"1194\" data-end=\"1220\">\n<p data-start=\"1196\" data-end=\"1220\">Sorgf\u00e4ltige Verpackung<\/p>\n<\/li>\n<\/ul>\n<p data-start=\"1222\" data-end=\"1270\">W\u00e4hrend des gesamten Prozesses f\u00fchren wir durch:<\/p>\n<ul data-start=\"1272\" data-end=\"1329\">\n<li data-section-id=\"ers9n2\" data-start=\"1272\" data-end=\"1304\">\n<p data-start=\"1274\" data-end=\"1304\">Visuelle Qualit\u00e4tskontrollen<\/p>\n<\/li>\n<li data-section-id=\"12lp3wt\" data-start=\"1305\" data-end=\"1329\">\n<p data-start=\"1307\" data-end=\"1329\">Festigkeitspr\u00fcfungen<\/p>\n<\/li>\n<\/ul>\n<p data-start=\"1331\" data-end=\"1384\">um eine gleichbleibend hohe Qualit\u00e4t sicherzustellen.<\/p>\n<hr data-start=\"1386\" data-end=\"1389\" \/>\n<h2 data-section-id=\"1j56k1t\" data-start=\"1391\" data-end=\"1434\">Verpflichtung zur Lebensmittelsicherheit<\/h2>\n<p data-start=\"1436\" data-end=\"1648\">Unsere Verarbeitung erfolgt nach dokumentierten Hygienestandards und HACCP-Grunds\u00e4tzen, um eine sichere Lebensmittelhandhabung zu gew\u00e4hrleisten und gleichzeitig die nat\u00fcrliche Integrit\u00e4t des Produkts zu bewahren.<\/p>\n<p data-start=\"1650\" data-end=\"1752\">Wir sind \u00fcberzeugt:<br data-start=\"1669\" data-end=\"1672\" \/>Kleine nat\u00fcrliche Abweichungen sind ein Zeichen von Authentizit\u00e4t \u2013 kein Mangel.<\/p>\n","protected":false},"excerpt":{"rendered":"<div style=\"display: inline-block; background: #6c7a59; color: white; padding: 6px 12px; font-size: 13px; font-weight: bold; border-radius: 20px; margin-bottom: 10px;\">Starter-Wahl<\/div>\n<p data-start=\"206\" data-end=\"377\"><strong data-start=\"206\" data-end=\"288\">Leicht ger\u00f6stete ganze Johannisbrot-Schoten, handgeerntet auf unserer Quinta an der Algarve.<\/strong><\/p>\n<p data-start=\"206\" data-end=\"377\">Schonend bei niedrigen Temperaturen zubereitet, um ihre nat\u00fcrliche S\u00fc\u00dfe und ihren Charakter zu bewahren.<\/p>\n<ul>\n<li data-start=\"379\" data-end=\"607\">750 g Ganze Johannisbrot-Schoten (Leicht ger\u00f6stet)<\/li>\n<li data-start=\"379\" data-end=\"607\">Handverpackt direkt auf unserem Hof in Portugal<\/li>\n<li data-start=\"379\" data-end=\"607\">Keine Zusatzstoffe. Keine Konservierungsmittel. Einfach reines Johannisbrot.<\/li>\n<li data-start=\"379\" data-end=\"607\">Nat\u00fcrlich s\u00fc\u00df &amp; reich an Ballaststoffen<\/li>\n<li data-start=\"379\" data-end=\"607\">Perfekt f\u00fcr Tee, zum Mahlen oder f\u00fcr gesunde Rezepte<\/li>\n<li data-start=\"372\" data-end=\"585\">Hofproduktion in kleinen Chargen<\/li>\n<li data-start=\"372\" data-end=\"585\">\n<p data-section-id=\"13zu5h1\" data-start=\"122\" data-end=\"192\">Unbehandeltes Naturprodukt \u2013 kleine nat\u00fcrliche Abweichungen m\u00f6glich<\/p>\n<\/li>\n<\/ul>\n<p data-start=\"609\" data-end=\"713\">Versand innerhalb von 1\u20132 Werktagen aus Portugal.<br data-start=\"654\" data-end=\"657\" \/>Alle Preise inklusive Mehrwertsteuer. Transparente EU-Versandkosten.<\/p>\n<p data-start=\"715\" data-end=\"750\"><a href=\"https:\/\/rusticalgarve.eu\/de\/versand-rueckgabe\/\">Alle Versanddetails finden Sie hier<\/a>.<\/p>\n","protected":false},"featured_media":636,"comment_status":"open","ping_status":"closed","template":"","meta":{"site-sidebar-layout":"default","site-content-layout":"","ast-site-content-layout":"default","site-content-style":"default","site-sidebar-style":"default","ast-global-header-display":"","ast-banner-title-visibility":"","ast-main-header-display":"","ast-hfb-above-header-display":"","ast-hfb-below-header-display":"","ast-hfb-mobile-header-display":"","site-post-title":"","ast-breadcrumbs-content":"","ast-featured-img":"","footer-sml-layout":"","ast-disable-related-posts":"","theme-transparent-header-meta":"default","adv-header-id-meta":"","stick-header-meta":"","header-above-stick-meta":"","header-main-stick-meta":"","header-below-stick-meta":"","astra-migrate-meta-layouts":"set","ast-page-background-enabled":"default","ast-page-background-meta":{"desktop":{"background-color":"var(--ast-global-color-5)","background-image":"","background-repeat":"repeat","background-position":"center center","background-size":"auto","background-attachment":"scroll","background-type":"","background-media":"","overlay-type":"","overlay-color":"","overlay-opacity":"","overlay-gradient":""},"tablet":{"background-color":"","background-image":"","background-repeat":"repeat","background-position":"center center","background-size":"auto","background-attachment":"scroll","background-type":"","background-media":"","overlay-type":"","overlay-color":"","overlay-opacity":"","overlay-gradient":""},"mobile":{"background-color":"","background-image":"","background-repeat":"repeat","background-position":"center center","background-size":"auto","background-attachment":"scroll","background-type":"","background-media":"","overlay-type":"","overlay-color":"","overlay-opacity":"","overlay-gradient":""}},"ast-content-background-meta":{"desktop":{"background-color":"var(--ast-global-color-4)","background-image":"","background-repeat":"repeat","background-position":"center center","background-size":"auto","background-attachment":"scroll","background-type":"","background-media":"","overlay-type":"","overlay-color":"","overlay-opacity":"","overlay-gradient":""},"tablet":{"background-color":"var(--ast-global-color-4)","background-image":"","background-repeat":"repeat","background-position":"center center","background-size":"auto","background-attachment":"scroll","background-type":"","background-media":"","overlay-type":"","overlay-color":"","overlay-opacity":"","overlay-gradient":""},"mobile":{"background-color":"var(--ast-global-color-4)","background-image":"","background-repeat":"repeat","background-position":"center center","background-size":"auto","background-attachment":"scroll","background-type":"","background-media":"","overlay-type":"","overlay-color":"","overlay-opacity":"","overlay-gradient":""}}},"product_brand":[],"product_cat":[65],"product_tag":[],"class_list":{"0":"post-634","1":"product","2":"type-product","3":"status-publish","4":"has-post-thumbnail","6":"product_cat-ganze-johannisbrotschoten","7":"product_shipping_class-0-1-kg","8":"desktop-align-left","9":"tablet-align-left","10":"mobile-align-left","12":"first","13":"instock","14":"taxable","15":"shipping-taxable","16":"purchasable","17":"product-type-simple"},"_links":{"self":[{"href":"https:\/\/rusticalgarve.eu\/de\/wp-json\/wp\/v2\/product\/634","targetHints":{"allow":["GET"]}}],"collection":[{"href":"https:\/\/rusticalgarve.eu\/de\/wp-json\/wp\/v2\/product"}],"about":[{"href":"https:\/\/rusticalgarve.eu\/de\/wp-json\/wp\/v2\/types\/product"}],"replies":[{"embeddable":true,"href":"https:\/\/rusticalgarve.eu\/de\/wp-json\/wp\/v2\/comments?post=634"}],"wp:featuredmedia":[{"embeddable":true,"href":"https:\/\/rusticalgarve.eu\/de\/wp-json\/wp\/v2\/media\/636"}],"wp:attachment":[{"href":"https:\/\/rusticalgarve.eu\/de\/wp-json\/wp\/v2\/media?parent=634"}],"wp:term":[{"taxonomy":"product_brand","embeddable":true,"href":"https:\/\/rusticalgarve.eu\/de\/wp-json\/wp\/v2\/product_brand?post=634"},{"taxonomy":"product_cat","embeddable":true,"href":"https:\/\/rusticalgarve.eu\/de\/wp-json\/wp\/v2\/product_cat?post=634"},{"taxonomy":"product_tag","embeddable":true,"href":"https:\/\/rusticalgarve.eu\/de\/wp-json\/wp\/v2\/product_tag?post=634"}],"curies":[{"name":"wp","href":"https:\/\/api.w.org\/{rel}","templated":true}]}}