{"id":658,"date":"2026-02-27T10:11:57","date_gmt":"2026-02-27T10:11:57","guid":{"rendered":"https:\/\/rusticalgarve.eu\/product\/ganze-johannisbrotschoten-3-x-750-g-vorteilspack-leicht-geroestet\/"},"modified":"2026-03-12T11:55:10","modified_gmt":"2026-03-12T11:55:10","slug":"ganze-johannisbrotschoten-3-x-750-g-vorteilspack-leicht-geroestet","status":"publish","type":"product","link":"https:\/\/rusticalgarve.eu\/de\/product\/ganze-johannisbrotschoten-3-x-750-g-vorteilspack-leicht-geroestet\/","title":{"rendered":"Ganze Johannisbrotschoten \u2013 3 \u00d7 750 g Vorteilspackung (Leicht ger\u00f6stet)"},"content":{"rendered":"<h2 data-start=\"826\" data-end=\"868\">Ganze Johannisbrotschoten 3 \u00d7 750 g \u2013 Bester Wert f\u00fcr Johannisbrot-Liebhaber<\/h2>\n<p data-start=\"870\" data-end=\"1004\">Unser Vorteilspack Ganze Johannisbrotschoten 3 \u00d7 750 g ist die wirtschaftlichste Art, unsere leicht ger\u00f6steten Johannisbrotschoten zu genie\u00dfen. Geerntet auf unserer Quinta in der Algarve und schonend ger\u00f6stet, um ihre nat\u00fcrliche S\u00fc\u00dfe zu bewahren, ist diese Gro\u00dfpackung perfekt f\u00fcr regelm\u00e4\u00dfigen Verzehr oder zum Bevorraten.<\/p>\n<p data-start=\"1006\" data-end=\"1274\">Jede Schote wird von Hand ausgew\u00e4hlt und schonend bei 80\u201385 \u00b0C f\u00fcr ca. 20 Minuten ger\u00f6stet, um ihre nat\u00fcrliche S\u00fc\u00dfe zu verst\u00e4rken und gleichzeitig ihre Struktur und ihren Charakter zu bewahren. Nach dem R\u00f6sten werden die Schoten abgek\u00fchlt und erneut sortiert, bevor sie in wiederverschlie\u00dfbaren Beuteln versiegelt werden.<\/p>\n<p data-start=\"1699\" data-end=\"1732\"><strong data-start=\"1699\" data-end=\"1732\">Dieses Vorteilspack ist ideal f\u00fcr:<\/strong><\/p>\n<ul>\n<li data-start=\"1736\" data-end=\"1768\">Familien und Wohngemeinschaften<\/li>\n<li data-start=\"1771\" data-end=\"1796\">Regelm\u00e4\u00dfige Johannisbrot-Konsumenten<\/li>\n<li data-start=\"1799\" data-end=\"1832\">Backen und Mahlen zu Pulver<\/li>\n<li data-start=\"1835\" data-end=\"1854\">Langzeitlagerung<\/li>\n<li data-start=\"1857\" data-end=\"1881\">Besserer Preis pro Beutel<\/li>\n<\/ul>\n<p data-start=\"1420\" data-end=\"1529\">Unser Johannisbrot w\u00e4chst nat\u00fcrlich unter der portugiesischen Sonne und wird in kleinen Chargen mit Aufmerksamkeit und Sorgfalt verarbeitet.<\/p>\n<h3 data-start=\"1531\" data-end=\"1550\">Produktdetails<\/h3>\n<ul>\n<li>3 \u00d7 750 g Beutel<\/li>\n<li>Gesamtgewicht: 2,25 kg<\/li>\n<li>Leicht ger\u00f6stet<\/li>\n<li>Ganze Schoten<\/li>\n<li>Keine Zusatzstoffe<\/li>\n<li>Verpackt in Portugal<\/li>\n<li>K\u00fchl und trocken lagern.<\/li>\n<\/ul>\n<p>Auch in gr\u00f6\u00dferen Mengen bleibt unser Johannisbrot seinem Ursprung treu. Erfahren Sie mehr \u00fcber unser Land, unsere Ernte und unser Engagement f\u00fcr Authentizit\u00e4t auf unserer Seite <a href=\"https:\/\/rusticalgarve.eu\/de\/ueber-rustic-algarve\/\">\u00dcber Rustic Algarve<\/a>.<\/p>\n<h2 data-section-id=\"q343gt\" data-start=\"199\" data-end=\"247\">\ud83c\udf3f Unser Prozess &amp; unsere nat\u00fcrliche Qualit\u00e4t<\/h2>\n<p data-start=\"249\" data-end=\"360\">Unsere Johannisbrot-Schoten werden in Portugal von Hand geerntet und sorgf\u00e4ltig in kleinen Chargen verarbeitet.<\/p>\n<p data-start=\"362\" data-end=\"425\">Im Gegensatz zu industriellen Produkten ist unser Johannisbrot:<\/p>\n<ul data-start=\"427\" data-end=\"507\">\n<li data-section-id=\"gwvi4g\" data-start=\"427\" data-end=\"450\">\n<p data-start=\"429\" data-end=\"450\">frei von Pestiziden<\/p>\n<\/li>\n<li data-section-id=\"1gei597\" data-start=\"451\" data-end=\"479\">\n<p data-start=\"453\" data-end=\"479\">nicht chemisch behandelt<\/p>\n<\/li>\n<li data-section-id=\"1mvl3ax\" data-start=\"480\" data-end=\"507\">\n<p data-start=\"482\" data-end=\"507\">nicht k\u00fcnstlich poliert<\/p>\n<\/li>\n<\/ul>\n<p data-start=\"509\" data-end=\"618\">Da es sich um ein echtes landwirtschaftliches Naturprodukt handelt, k\u00f6nnen nat\u00fcrliche Abweichungen auftreten.<\/p>\n<p data-start=\"620\" data-end=\"899\">Gelegentlich k\u00f6nnen kleine Oberfl\u00e4chenmerkmale oder leichte innere Unregelm\u00e4\u00dfigkeiten sichtbar sein, die w\u00e4hrend der Wachstumsphase entstanden sind.<br data-start=\"768\" data-end=\"771\" \/>Diese sind ein nat\u00fcrlicher Bestandteil unbehandelter Erzeugnisse und beeintr\u00e4chtigen weder die Qualit\u00e4t noch die Verwendbarkeit.<\/p>\n<hr data-start=\"901\" data-end=\"904\" \/>\n<h2 data-section-id=\"1bxa5uw\" data-start=\"906\" data-end=\"950\">Unsere sorgf\u00e4ltigen Verarbeitungsschritte<\/h2>\n<p data-start=\"952\" data-end=\"1014\">Jede Charge durchl\u00e4uft einen kontrollierten manuellen Prozess:<\/p>\n<ul data-start=\"1016\" data-end=\"1220\">\n<li data-section-id=\"z68cjn\" data-start=\"1016\" data-end=\"1029\">\n<p data-start=\"1018\" data-end=\"1029\">Handernte<\/p>\n<\/li>\n<li data-section-id=\"1ixd6jb\" data-start=\"1030\" data-end=\"1052\">\n<p data-start=\"1032\" data-end=\"1052\">Manuelle Selektion<\/p>\n<\/li>\n<li data-section-id=\"am6boq\" data-start=\"1053\" data-end=\"1066\">\n<p data-start=\"1055\" data-end=\"1066\">Reinigung<\/p>\n<\/li>\n<li data-section-id=\"1rfmz13\" data-start=\"1067\" data-end=\"1094\">\n<p data-start=\"1069\" data-end=\"1094\">Kontrollierte Trocknung<\/p>\n<\/li>\n<li data-section-id=\"1d9jczi\" data-start=\"1095\" data-end=\"1140\">\n<p data-start=\"1097\" data-end=\"1140\">Schonende R\u00f6stung bei 85\u00b0C f\u00fcr 20 Minuten<\/p>\n<\/li>\n<li data-section-id=\"1ficsyf\" data-start=\"1141\" data-end=\"1156\">\n<p data-start=\"1143\" data-end=\"1156\">Abk\u00fchlphase<\/p>\n<\/li>\n<li data-section-id=\"bn4a1l\" data-start=\"1157\" data-end=\"1193\">\n<p data-start=\"1159\" data-end=\"1193\">Abschlie\u00dfende manuelle Selektion<\/p>\n<\/li>\n<li data-section-id=\"1lwg1jo\" data-start=\"1194\" data-end=\"1220\">\n<p data-start=\"1196\" data-end=\"1220\">Sorgf\u00e4ltige Verpackung<\/p>\n<\/li>\n<\/ul>\n<p data-start=\"1222\" data-end=\"1270\">W\u00e4hrend des gesamten Prozesses f\u00fchren wir durch:<\/p>\n<ul data-start=\"1272\" data-end=\"1329\">\n<li data-section-id=\"ers9n2\" data-start=\"1272\" data-end=\"1304\">\n<p data-start=\"1274\" data-end=\"1304\">Visuelle Qualit\u00e4tskontrollen<\/p>\n<\/li>\n<li data-section-id=\"12lp3wt\" data-start=\"1305\" data-end=\"1329\">\n<p data-start=\"1307\" data-end=\"1329\">Festigkeitspr\u00fcfungen<\/p>\n<\/li>\n<\/ul>\n<p data-start=\"1331\" data-end=\"1384\">um eine gleichbleibend hohe Qualit\u00e4t sicherzustellen.<\/p>\n<hr data-start=\"1386\" data-end=\"1389\" \/>\n<h2 data-section-id=\"1j56k1t\" data-start=\"1391\" data-end=\"1434\">Verpflichtung zur Lebensmittelsicherheit<\/h2>\n<p data-start=\"1436\" data-end=\"1648\">Unsere Verarbeitung erfolgt nach dokumentierten Hygienestandards und HACCP-Grunds\u00e4tzen, um eine sichere Lebensmittelhandhabung zu gew\u00e4hrleisten und gleichzeitig die nat\u00fcrliche Integrit\u00e4t des Produkts zu bewahren.<\/p>\n<p data-start=\"1650\" data-end=\"1752\">Wir sind \u00fcberzeugt:<br data-start=\"1669\" data-end=\"1672\" \/>Kleine nat\u00fcrliche Abweichungen sind ein Zeichen von Authentizit\u00e4t \u2013 kein Mangel.<\/p>\n","protected":false},"excerpt":{"rendered":"<div style=\"display: inline-block; background: #d4a017; color: white; padding: 6px 12px; font-size: 13px; font-weight: bold; border-radius: 20px; margin-bottom: 10px;\">Bester Wert<\/div>\n<p data-start=\"175\" data-end=\"336\"><strong data-start=\"175\" data-end=\"249\">Unser gr\u00f6\u00dftes Paket leicht ger\u00f6steter ganzer Johannisbrotschoten aus der Algarve.<\/strong><\/p>\n<p data-start=\"175\" data-end=\"336\">Enth\u00e4lt 3 \u00d7 750 g Premium-Beutel \u2013 ideal f\u00fcr den regelm\u00e4\u00dfigen Gebrauch, Familien oder zum Bevorraten.<\/p>\n<ul>\n<li data-start=\"338\" data-end=\"552\">3 \u00d7 750 g Ganze Johannisbrotschoten (insgesamt 2,25 kg)<\/li>\n<li data-start=\"338\" data-end=\"552\">Handgeerntet auf unserer Farm in Portugal<\/li>\n<li data-start=\"338\" data-end=\"552\">Leicht ger\u00f6stet bei 80\u201385 \u00b0C zur Bewahrung der nat\u00fcrlichen S\u00fc\u00dfe<\/li>\n<li data-start=\"338\" data-end=\"552\">Sorgf\u00e4ltig ausgew\u00e4hlte Qualit\u00e4t<\/li>\n<li data-start=\"338\" data-end=\"552\">Keine Zusatzstoffe. Keine Konservierungsmittel.<\/li>\n<li data-start=\"338\" data-end=\"552\">\n<p data-section-id=\"13zu5h1\" data-start=\"122\" data-end=\"192\">Unbehandeltes Naturprodukt \u2013 kleine nat\u00fcrliche Abweichungen m\u00f6glich<\/p>\n<\/li>\n<\/ul>\n<p data-start=\"554\" data-end=\"590\">Beste Preis-Leistungs-Option \u2013 sparen Sie im Vergleich zu Einzelpackungen.<\/p>\n<ul>\n<li data-start=\"554\" data-end=\"590\">Kleinserienproduktion vom Hof<\/li>\n<li data-start=\"554\" data-end=\"590\">Direkt von unserer Quinta in Portugal<\/li>\n<li data-start=\"554\" data-end=\"590\">Nat\u00fcrlich angebaut &amp; handverlesen<\/li>\n<\/ul>\n<p data-start=\"592\" data-end=\"696\">Versand innerhalb von 1\u20132 Werktagen aus Portugal.<br data-start=\"637\" data-end=\"640\" \/>Alle Preise verstehen sich inkl. MwSt. Transparente EU-Versandkosten.<\/p>\n<p data-start=\"698\" data-end=\"733\"><a href=\"https:\/\/rusticalgarve.eu\/de\/versand-rueckgabe\/\">Alle Versanddetails finden Sie hier.<\/a><\/p>\n","protected":false},"featured_media":221,"comment_status":"open","ping_status":"closed","template":"","meta":{"site-sidebar-layout":"default","site-content-layout":"","ast-site-content-layout":"default","site-content-style":"default","site-sidebar-style":"default","ast-global-header-display":"","ast-banner-title-visibility":"","ast-main-header-display":"","ast-hfb-above-header-display":"","ast-hfb-below-header-display":"","ast-hfb-mobile-header-display":"","site-post-title":"","ast-breadcrumbs-content":"","ast-featured-img":"","footer-sml-layout":"","ast-disable-related-posts":"","theme-transparent-header-meta":"default","adv-header-id-meta":"","stick-header-meta":"","header-above-stick-meta":"","header-main-stick-meta":"","header-below-stick-meta":"","astra-migrate-meta-layouts":"set","ast-page-background-enabled":"default","ast-page-background-meta":{"desktop":{"background-color":"var(--ast-global-color-5)","background-image":"","background-repeat":"repeat","background-position":"center center","background-size":"auto","background-attachment":"scroll","background-type":"","background-media":"","overlay-type":"","overlay-color":"","overlay-opacity":"","overlay-gradient":""},"tablet":{"background-color":"","background-image":"","background-repeat":"repeat","background-position":"center center","background-size":"auto","background-attachment":"scroll","background-type":"","background-media":"","overlay-type":"","overlay-color":"","overlay-opacity":"","overlay-gradient":""},"mobile":{"background-color":"","background-image":"","background-repeat":"repeat","background-position":"center center","background-size":"auto","background-attachment":"scroll","background-type":"","background-media":"","overlay-type":"","overlay-color":"","overlay-opacity":"","overlay-gradient":""}},"ast-content-background-meta":{"desktop":{"background-color":"var(--ast-global-color-4)","background-image":"","background-repeat":"repeat","background-position":"center center","background-size":"auto","background-attachment":"scroll","background-type":"","background-media":"","overlay-type":"","overlay-color":"","overlay-opacity":"","overlay-gradient":""},"tablet":{"background-color":"var(--ast-global-color-4)","background-image":"","background-repeat":"repeat","background-position":"center center","background-size":"auto","background-attachment":"scroll","background-type":"","background-media":"","overlay-type":"","overlay-color":"","overlay-opacity":"","overlay-gradient":""},"mobile":{"background-color":"var(--ast-global-color-4)","background-image":"","background-repeat":"repeat","background-position":"center center","background-size":"auto","background-attachment":"scroll","background-type":"","background-media":"","overlay-type":"","overlay-color":"","overlay-opacity":"","overlay-gradient":""}}},"product_brand":[],"product_cat":[65],"product_tag":[],"class_list":{"0":"post-658","1":"product","2":"type-product","3":"status-publish","4":"has-post-thumbnail","6":"product_cat-ganze-johannisbrotschoten","7":"product_shipping_class-2-3-kg","8":"desktop-align-left","9":"tablet-align-left","10":"mobile-align-left","12":"first","13":"instock","14":"taxable","15":"shipping-taxable","16":"purchasable","17":"product-type-simple"},"_links":{"self":[{"href":"https:\/\/rusticalgarve.eu\/de\/wp-json\/wp\/v2\/product\/658","targetHints":{"allow":["GET"]}}],"collection":[{"href":"https:\/\/rusticalgarve.eu\/de\/wp-json\/wp\/v2\/product"}],"about":[{"href":"https:\/\/rusticalgarve.eu\/de\/wp-json\/wp\/v2\/types\/product"}],"replies":[{"embeddable":true,"href":"https:\/\/rusticalgarve.eu\/de\/wp-json\/wp\/v2\/comments?post=658"}],"wp:featuredmedia":[{"embeddable":true,"href":"https:\/\/rusticalgarve.eu\/de\/wp-json\/wp\/v2\/media\/221"}],"wp:attachment":[{"href":"https:\/\/rusticalgarve.eu\/de\/wp-json\/wp\/v2\/media?parent=658"}],"wp:term":[{"taxonomy":"product_brand","embeddable":true,"href":"https:\/\/rusticalgarve.eu\/de\/wp-json\/wp\/v2\/product_brand?post=658"},{"taxonomy":"product_cat","embeddable":true,"href":"https:\/\/rusticalgarve.eu\/de\/wp-json\/wp\/v2\/product_cat?post=658"},{"taxonomy":"product_tag","embeddable":true,"href":"https:\/\/rusticalgarve.eu\/de\/wp-json\/wp\/v2\/product_tag?post=658"}],"curies":[{"name":"wp","href":"https:\/\/api.w.org\/{rel}","templated":true}]}}