{"id":616,"date":"2026-02-24T11:46:21","date_gmt":"2026-02-24T11:46:21","guid":{"rendered":"https:\/\/rusticalgarve.eu\/product\/vainas-de-algarroba-enteras-750-g\/"},"modified":"2026-03-14T14:13:04","modified_gmt":"2026-03-14T14:13:04","slug":"vainas-de-algarroba-enteras-750-g","status":"publish","type":"product","link":"https:\/\/rusticalgarve.eu\/es\/product\/vainas-de-algarroba-enteras-750-g\/","title":{"rendered":"Vainas de algarroba enteras \u2013 750 g (tostado ligero)"},"content":{"rendered":"<p>Cosechadas cuidadosamente a mano y preparadas con delicadeza en nuestra quinta en el Algarve, nuestras vainas de algarroba enteras se mantienen fieles a su car\u00e1cter natural.<\/p>\n<p>Cada lote se lava, se selecciona a mano y se tuesta ligeramente a bajas temperaturas (80-85 \u00b0C durante unos 20 minutos) para realzar su dulzor natural sin enmascararlo. Tras el enfriamiento, cada vaina se inspecciona de nuevo antes de envasarse en bolsas de 750 g.<\/p>\n<h2>Algarrobas enteras: nuestro proceso es sencillo y honesto<\/h2>\n<ul>\n<li>Cosechado a mano<\/li>\n<li>Lavado y seleccionado con delicadeza<\/li>\n<li>Tostado ligeramente a baja temperatura<\/li>\n<li>Enfriado e inspeccionado con cuidado<\/li>\n<li>Envasado directamente en nuestra Quinta<\/li>\n<li>Sin aditivos<\/li>\n<li>Sin conservantes<\/li>\n<\/ul>\n<p>La algarroba se ha valorado durante siglos en las regiones mediterr\u00e1neas. Su sabor naturalmente dulce la hace ideal como snack, para infusiones o como ingrediente tradicional en la cocina natural.<\/p>\n<p><strong>Sencillo. Honesto. Naturalmente dulce.<br \/>\n<\/strong><\/p>\n<p>Este producto se prepara directamente en nuestra Quinta, en el sur de Portugal. Descubre m\u00e1s sobre <a href=\"https:\/\/rusticalgarve.eu\/es\/sobre-rustic-algarve\/\">Rustic Algarve<\/a> y nuestro enfoque en la producci\u00f3n tradicional de algarroba.<\/p>\n<h2 data-section-id=\"iroqor\" data-start=\"256\" data-end=\"295\">\ud83c\udf3f Nuestro proceso y calidad natural<\/h2>\n<p data-start=\"297\" data-end=\"404\">Nuestras vainas de algarroba se cosechan a mano en Portugal y se procesan cuidadosamente en peque\u00f1os lotes.<\/p>\n<p data-start=\"406\" data-end=\"471\">A diferencia de los productos industriales, nuestra algarroba es:<\/p>\n<ul data-start=\"473\" data-end=\"554\">\n<li data-section-id=\"6gmzry\" data-start=\"473\" data-end=\"496\">\n<p data-start=\"475\" data-end=\"496\">libre de pesticidas<\/p>\n<\/li>\n<li data-section-id=\"157c3fq\" data-start=\"497\" data-end=\"524\">\n<p data-start=\"499\" data-end=\"524\">no tratada qu\u00edmicamente<\/p>\n<\/li>\n<li data-section-id=\"5vufy5\" data-start=\"525\" data-end=\"554\">\n<p data-start=\"527\" data-end=\"554\">no pulida artificialmente<\/p>\n<\/li>\n<\/ul>\n<p data-start=\"556\" data-end=\"644\">Al tratarse de un producto agr\u00edcola aut\u00e9ntico, pueden presentarse variaciones naturales.<\/p>\n<p data-start=\"646\" data-end=\"909\">Ocasionalmente, puede observar peque\u00f1as marcas superficiales o ligeras imperfecciones internas originadas durante la fase de crecimiento.<br data-start=\"783\" data-end=\"786\" \/>Estas caracter\u00edsticas forman parte natural de un producto sin tratar y no afectan la calidad ni la funcionalidad del mismo.<\/p>\n<hr data-start=\"911\" data-end=\"914\" \/>\n<h2 data-section-id=\"1kdjk8d\" data-start=\"916\" data-end=\"960\">Nuestros pasos de procesamiento cuidadoso<\/h2>\n<p data-start=\"962\" data-end=\"1007\">Cada lote sigue un proceso manual controlado:<\/p>\n<ul data-start=\"1009\" data-end=\"1200\">\n<li data-section-id=\"1c8uvlu\" data-start=\"1009\" data-end=\"1027\">\n<p data-start=\"1011\" data-end=\"1027\">Cosecha manual<\/p>\n<\/li>\n<li data-section-id=\"p2mkjd\" data-start=\"1028\" data-end=\"1048\">\n<p data-start=\"1030\" data-end=\"1048\">Selecci\u00f3n manual<\/p>\n<\/li>\n<li data-section-id=\"12xkc0p\" data-start=\"1049\" data-end=\"1059\">\n<p data-start=\"1051\" data-end=\"1059\">Lavado<\/p>\n<\/li>\n<li data-section-id=\"q7p33u\" data-start=\"1060\" data-end=\"1081\">\n<p data-start=\"1062\" data-end=\"1081\">Secado controlado<\/p>\n<\/li>\n<li data-section-id=\"1ic1i3h\" data-start=\"1082\" data-end=\"1125\">\n<p data-start=\"1084\" data-end=\"1125\">Tostado suave a 85\u00b0C durante 20 minutos<\/p>\n<\/li>\n<li data-section-id=\"xc2tej\" data-start=\"1126\" data-end=\"1150\">\n<p data-start=\"1128\" data-end=\"1150\">Fase de enfriamiento<\/p>\n<\/li>\n<li data-section-id=\"1ee4h4l\" data-start=\"1151\" data-end=\"1177\">\n<p data-start=\"1153\" data-end=\"1177\">Selecci\u00f3n manual final<\/p>\n<\/li>\n<li data-section-id=\"o1w8w\" data-start=\"1178\" data-end=\"1200\">\n<p data-start=\"1180\" data-end=\"1200\">Envasado cuidadoso<\/p>\n<\/li>\n<\/ul>\n<p data-start=\"1202\" data-end=\"1237\">Durante todo el proceso realizamos:<\/p>\n<ul data-start=\"1239\" data-end=\"1283\">\n<li data-section-id=\"19ccueh\" data-start=\"1239\" data-end=\"1260\">\n<p data-start=\"1241\" data-end=\"1260\">Inspecci\u00f3n visual<\/p>\n<\/li>\n<li data-section-id=\"e3eh1h\" data-start=\"1261\" data-end=\"1283\">\n<p data-start=\"1263\" data-end=\"1283\">Pruebas de firmeza<\/p>\n<\/li>\n<\/ul>\n<p data-start=\"1285\" data-end=\"1323\">para garantizar una calidad constante.<\/p>\n<hr data-start=\"1325\" data-end=\"1328\" \/>\n<h2 data-section-id=\"1fh4xu5\" data-start=\"1330\" data-end=\"1372\">Compromiso con la seguridad alimentaria<\/h2>\n<p data-start=\"1374\" data-end=\"1587\">Nuestro manejo y procesamiento siguen est\u00e1ndares de higiene documentados y principios HACCP para garantizar una manipulaci\u00f3n segura de los alimentos, preservando al mismo tiempo la integridad natural del producto.<\/p>\n<p data-start=\"1589\" data-end=\"1681\">Creemos que las peque\u00f1as variaciones naturales son un signo de autenticidad \u2014 no un defecto.<\/p>\n","protected":false},"excerpt":{"rendered":"<div style=\"display: inline-block; background: #6c7a59; color: white; padding: 6px 12px; font-size: 13px; font-weight: bold; border-radius: 20px; margin-bottom: 10px;\">Tu primera elecci\u00f3n<\/div>\n<p data-start=\"206\" data-end=\"377\"><strong data-start=\"206\" data-end=\"288\">Vainas de algarroba enteras ligeramente tostadas, cosechadas a mano en nuestra Quinta del Algarve.<\/strong><\/p>\n<p data-start=\"206\" data-end=\"377\">Preparadas con mimo a baja temperatura para preservar su dulzor natural y car\u00e1cter.<\/p>\n<ul>\n<li data-start=\"379\" data-end=\"607\">750 g de vainas de algarroba enteras (tostado ligero)<\/li>\n<li data-start=\"379\" data-end=\"607\">Envasado a mano directamente en nuestra finca en Portugal<\/li>\n<li data-start=\"379\" data-end=\"607\">Sin aditivos. Sin conservantes. Solo algarroba pura.<\/li>\n<li data-start=\"379\" data-end=\"607\">Naturalmente dulce y rica en fibra<\/li>\n<li data-start=\"379\" data-end=\"607\">Ideal para infusiones, moler o recetas saludables<\/li>\n<li data-start=\"372\" data-end=\"585\">Producci\u00f3n agr\u00edcola en lotes peque\u00f1os<\/li>\n<li data-start=\"372\" data-end=\"585\">\n<p data-section-id=\"uytt92\" data-start=\"167\" data-end=\"249\">Producto natural sin tratar \u2013 pueden presentarse peque\u00f1as variaciones naturales<\/p>\n<\/li>\n<\/ul>\n<p data-start=\"609\" data-end=\"713\">Env\u00edo en 1-2 d\u00edas laborables desde Portugal.<br data-start=\"654\" data-end=\"657\" \/>Precios con IVA incluido. Tarifas de env\u00edo transparentes en la UE.<\/p>\n<p data-start=\"715\" data-end=\"750\"><a href=\"https:\/\/rusticalgarve.eu\/es\/envios-y-devoluciones\/\">Consulta aqu\u00ed los detalles de env\u00edo<\/a>.<\/p>\n","protected":false},"featured_media":618,"comment_status":"open","ping_status":"closed","template":"","meta":{"site-sidebar-layout":"default","site-content-layout":"","ast-site-content-layout":"default","site-content-style":"default","site-sidebar-style":"default","ast-global-header-display":"","ast-banner-title-visibility":"","ast-main-header-display":"","ast-hfb-above-header-display":"","ast-hfb-below-header-display":"","ast-hfb-mobile-header-display":"","site-post-title":"","ast-breadcrumbs-content":"","ast-featured-img":"","footer-sml-layout":"","ast-disable-related-posts":"","theme-transparent-header-meta":"default","adv-header-id-meta":"","stick-header-meta":"","header-above-stick-meta":"","header-main-stick-meta":"","header-below-stick-meta":"","astra-migrate-meta-layouts":"set","ast-page-background-enabled":"default","ast-page-background-meta":{"desktop":{"background-color":"var(--ast-global-color-5)","background-image":"","background-repeat":"repeat","background-position":"center center","background-size":"auto","background-attachment":"scroll","background-type":"","background-media":"","overlay-type":"","overlay-color":"","overlay-opacity":"","overlay-gradient":""},"tablet":{"background-color":"","background-image":"","background-repeat":"repeat","background-position":"center center","background-size":"auto","background-attachment":"scroll","background-type":"","background-media":"","overlay-type":"","overlay-color":"","overlay-opacity":"","overlay-gradient":""},"mobile":{"background-color":"","background-image":"","background-repeat":"repeat","background-position":"center center","background-size":"auto","background-attachment":"scroll","background-type":"","background-media":"","overlay-type":"","overlay-color":"","overlay-opacity":"","overlay-gradient":""}},"ast-content-background-meta":{"desktop":{"background-color":"var(--ast-global-color-4)","background-image":"","background-repeat":"repeat","background-position":"center center","background-size":"auto","background-attachment":"scroll","background-type":"","background-media":"","overlay-type":"","overlay-color":"","overlay-opacity":"","overlay-gradient":""},"tablet":{"background-color":"var(--ast-global-color-4)","background-image":"","background-repeat":"repeat","background-position":"center center","background-size":"auto","background-attachment":"scroll","background-type":"","background-media":"","overlay-type":"","overlay-color":"","overlay-opacity":"","overlay-gradient":""},"mobile":{"background-color":"var(--ast-global-color-4)","background-image":"","background-repeat":"repeat","background-position":"center center","background-size":"auto","background-attachment":"scroll","background-type":"","background-media":"","overlay-type":"","overlay-color":"","overlay-opacity":"","overlay-gradient":""}}},"product_brand":[],"product_cat":[62],"product_tag":[],"class_list":{"0":"post-616","1":"product","2":"type-product","3":"status-publish","4":"has-post-thumbnail","6":"product_cat-vainas-de-algarroba-enteras","7":"product_shipping_class-0-1-kg","8":"desktop-align-left","9":"tablet-align-left","10":"mobile-align-left","12":"first","13":"instock","14":"taxable","15":"shipping-taxable","16":"purchasable","17":"product-type-simple"},"_links":{"self":[{"href":"https:\/\/rusticalgarve.eu\/es\/wp-json\/wp\/v2\/product\/616","targetHints":{"allow":["GET"]}}],"collection":[{"href":"https:\/\/rusticalgarve.eu\/es\/wp-json\/wp\/v2\/product"}],"about":[{"href":"https:\/\/rusticalgarve.eu\/es\/wp-json\/wp\/v2\/types\/product"}],"replies":[{"embeddable":true,"href":"https:\/\/rusticalgarve.eu\/es\/wp-json\/wp\/v2\/comments?post=616"}],"wp:featuredmedia":[{"embeddable":true,"href":"https:\/\/rusticalgarve.eu\/es\/wp-json\/wp\/v2\/media\/618"}],"wp:attachment":[{"href":"https:\/\/rusticalgarve.eu\/es\/wp-json\/wp\/v2\/media?parent=616"}],"wp:term":[{"taxonomy":"product_brand","embeddable":true,"href":"https:\/\/rusticalgarve.eu\/es\/wp-json\/wp\/v2\/product_brand?post=616"},{"taxonomy":"product_cat","embeddable":true,"href":"https:\/\/rusticalgarve.eu\/es\/wp-json\/wp\/v2\/product_cat?post=616"},{"taxonomy":"product_tag","embeddable":true,"href":"https:\/\/rusticalgarve.eu\/es\/wp-json\/wp\/v2\/product_tag?post=616"}],"curies":[{"name":"wp","href":"https:\/\/api.w.org\/{rel}","templated":true}]}}