{"id":644,"date":"2026-02-27T10:02:45","date_gmt":"2026-02-27T10:02:45","guid":{"rendered":"https:\/\/rusticalgarve.eu\/product\/vainas-de-algarroba-enteras-pack-de-2-x-750-g-tostado-ligero\/"},"modified":"2026-03-12T11:09:22","modified_gmt":"2026-03-12T11:09:22","slug":"vainas-de-algarroba-enteras-pack-de-2-x-750-g-tostado-ligero","status":"publish","type":"product","link":"https:\/\/rusticalgarve.eu\/es\/product\/vainas-de-algarroba-enteras-pack-de-2-x-750-g-tostado-ligero\/","title":{"rendered":"Vainas de algarroba enteras \u2013 Pack de 2 x 750 g (Tostado ligero)"},"content":{"rendered":"<h2 data-start=\"1086\" data-end=\"1128\">Vainas de Algarroba Enteras 2 x 750 g \u2013 Pack Doble para Uso Regular<\/h2>\n<p data-start=\"1130\" data-end=\"1262\">Nuestro pack doble de Vainas de Algarroba Enteras 2 x 750 g contiene dos bolsas de tama\u00f1o completo de vainas de algarroba enteras ligeramente tostadas, recolectadas a mano directamente de nuestra Quinta en el Algarve.<\/p>\n<p data-start=\"1264\" data-end=\"1519\">Cada vaina se selecciona a mano y se tuesta suavemente a 80\u201385 \u00b0C durante aproximadamente 20 minutos para realzar su dulzura natural mientras se conserva su car\u00e1cter. Despu\u00e9s del tostado, las vainas se enfr\u00edan y se vuelven a clasificar cuidadosamente antes de ser empaquetadas en bolsas resellables.<\/p>\n<p data-start=\"1521\" data-end=\"1551\"><strong>Este pack doble es ideal para:<\/strong><\/p>\n<ul>\n<li data-start=\"1553\" data-end=\"1667\">Consumo regular<\/li>\n<li data-start=\"1553\" data-end=\"1667\">Familias<\/li>\n<li data-start=\"1553\" data-end=\"1667\">Entusiastas de la nutrici\u00f3n deportiva<\/li>\n<li data-start=\"1553\" data-end=\"1667\">Almacenamiento a largo plazo<\/li>\n<li data-start=\"1553\" data-end=\"1667\">Para compartir o regalar<\/li>\n<\/ul>\n<p data-start=\"1669\" data-end=\"1778\">Nuestra algarroba crece de forma natural bajo el sol portugu\u00e9s y se procesa en peque\u00f1os lotes con cuidado y atenci\u00f3n.<\/p>\n<h3 data-start=\"1780\" data-end=\"1799\">Detalles del producto<\/h3>\n<ul>\n<li data-start=\"1801\" data-end=\"1919\">2 bolsas de 750 g<\/li>\n<li data-start=\"1801\" data-end=\"1919\">Peso total: 1,5 kg<\/li>\n<li data-start=\"1801\" data-end=\"1919\">Ligeramente tostadas<\/li>\n<li data-start=\"1801\" data-end=\"1919\">Vainas enteras<\/li>\n<li data-start=\"1801\" data-end=\"1919\">Sin aditivos<\/li>\n<li data-start=\"1801\" data-end=\"1919\">Envasado en Portugal<\/li>\n<li data-start=\"1801\" data-end=\"1919\">Conservar en un lugar fresco y seco.<\/li>\n<\/ul>\n<p data-start=\"1801\" data-end=\"1919\">Nuestro pack doble refleja el mismo procesado en lotes peque\u00f1os y la preparaci\u00f3n cuidadosa que practicamos en nuestra Quinta. Puedes descubrir m\u00e1s sobre nuestra filosof\u00eda y producci\u00f3n en nuestra p\u00e1gina <a href=\"https:\/\/rusticalgarve.eu\/es\/sobre-rustic-algarve\/\">Sobre Rustic Algarve<\/a>.<\/p>\n<h2 data-section-id=\"iroqor\" data-start=\"256\" data-end=\"295\">\ud83c\udf3f Nuestro proceso y calidad natural<\/h2>\n<p data-start=\"297\" data-end=\"404\">Nuestras vainas de algarroba se cosechan a mano en Portugal y se procesan cuidadosamente en peque\u00f1os lotes.<\/p>\n<p data-start=\"406\" data-end=\"471\">A diferencia de los productos industriales, nuestra algarroba es:<\/p>\n<ul data-start=\"473\" data-end=\"554\">\n<li data-section-id=\"6gmzry\" data-start=\"473\" data-end=\"496\">\n<p data-start=\"475\" data-end=\"496\">libre de pesticidas<\/p>\n<\/li>\n<li data-section-id=\"157c3fq\" data-start=\"497\" data-end=\"524\">\n<p data-start=\"499\" data-end=\"524\">no tratada qu\u00edmicamente<\/p>\n<\/li>\n<li data-section-id=\"5vufy5\" data-start=\"525\" data-end=\"554\">\n<p data-start=\"527\" data-end=\"554\">no pulida artificialmente<\/p>\n<\/li>\n<\/ul>\n<p data-start=\"556\" data-end=\"644\">Al tratarse de un producto agr\u00edcola aut\u00e9ntico, pueden presentarse variaciones naturales.<\/p>\n<p data-start=\"646\" data-end=\"909\">Ocasionalmente, puede observar peque\u00f1as marcas superficiales o ligeras imperfecciones internas originadas durante la fase de crecimiento.<br data-start=\"783\" data-end=\"786\" \/>Estas caracter\u00edsticas forman parte natural de un producto sin tratar y no afectan la calidad ni la funcionalidad del mismo.<\/p>\n<hr data-start=\"911\" data-end=\"914\" \/>\n<h2 data-section-id=\"1kdjk8d\" data-start=\"916\" data-end=\"960\">Nuestros pasos de procesamiento cuidadoso<\/h2>\n<p data-start=\"962\" data-end=\"1007\">Cada lote sigue un proceso manual controlado:<\/p>\n<ul data-start=\"1009\" data-end=\"1200\">\n<li data-section-id=\"1c8uvlu\" data-start=\"1009\" data-end=\"1027\">\n<p data-start=\"1011\" data-end=\"1027\">Cosecha manual<\/p>\n<\/li>\n<li data-section-id=\"p2mkjd\" data-start=\"1028\" data-end=\"1048\">\n<p data-start=\"1030\" data-end=\"1048\">Selecci\u00f3n manual<\/p>\n<\/li>\n<li data-section-id=\"12xkc0p\" data-start=\"1049\" data-end=\"1059\">\n<p data-start=\"1051\" data-end=\"1059\">Lavado<\/p>\n<\/li>\n<li data-section-id=\"q7p33u\" data-start=\"1060\" data-end=\"1081\">\n<p data-start=\"1062\" data-end=\"1081\">Secado controlado<\/p>\n<\/li>\n<li data-section-id=\"1ic1i3h\" data-start=\"1082\" data-end=\"1125\">\n<p data-start=\"1084\" data-end=\"1125\">Tostado suave a 85\u00b0C durante 20 minutos<\/p>\n<\/li>\n<li data-section-id=\"xc2tej\" data-start=\"1126\" data-end=\"1150\">\n<p data-start=\"1128\" data-end=\"1150\">Fase de enfriamiento<\/p>\n<\/li>\n<li data-section-id=\"1ee4h4l\" data-start=\"1151\" data-end=\"1177\">\n<p data-start=\"1153\" data-end=\"1177\">Selecci\u00f3n manual final<\/p>\n<\/li>\n<li data-section-id=\"o1w8w\" data-start=\"1178\" data-end=\"1200\">\n<p data-start=\"1180\" data-end=\"1200\">Envasado cuidadoso<\/p>\n<\/li>\n<\/ul>\n<p data-start=\"1202\" data-end=\"1237\">Durante todo el proceso realizamos:<\/p>\n<ul data-start=\"1239\" data-end=\"1283\">\n<li data-section-id=\"19ccueh\" data-start=\"1239\" data-end=\"1260\">\n<p data-start=\"1241\" data-end=\"1260\">Inspecci\u00f3n visual<\/p>\n<\/li>\n<li data-section-id=\"e3eh1h\" data-start=\"1261\" data-end=\"1283\">\n<p data-start=\"1263\" data-end=\"1283\">Pruebas de firmeza<\/p>\n<\/li>\n<\/ul>\n<p data-start=\"1285\" data-end=\"1323\">para garantizar una calidad constante.<\/p>\n<hr data-start=\"1325\" data-end=\"1328\" \/>\n<h2 data-section-id=\"1fh4xu5\" data-start=\"1330\" data-end=\"1372\">Compromiso con la seguridad alimentaria<\/h2>\n<p data-start=\"1374\" data-end=\"1587\">Nuestro manejo y procesamiento siguen est\u00e1ndares de higiene documentados y principios HACCP para garantizar una manipulaci\u00f3n segura de los alimentos, preservando al mismo tiempo la integridad natural del producto.<\/p>\n<p data-start=\"1589\" data-end=\"1681\">Creemos que las peque\u00f1as variaciones naturales son un signo de autenticidad \u2014 no un defecto.<\/p>\n","protected":false},"excerpt":{"rendered":"<div style=\"display: inline-block; background: #9c7a4b; color: white; padding: 6px 12px; font-size: 13px; font-weight: bold; border-radius: 20px; margin-bottom: 10px;\">Mejor Valor<\/div>\n<p data-start=\"172\" data-end=\"370\"><strong data-start=\"172\" data-end=\"263\">Vainas de algarroba enteras recolectadas de forma natural y tostadas suavemente de nuestra Quinta en el Algarve.<\/strong><br data-start=\"263\" data-end=\"266\" \/>Este pack incluye 2 \u00d7 750 g de vainas de algarroba premium tostadas ligeramente \u2013 perfecto para uso regular o familias.<\/p>\n<ul>\n<li data-start=\"372\" data-end=\"585\">2 \u00d7 750 g de Vainas de Algarroba Enteras (1,5 kg en total)<\/li>\n<li data-start=\"372\" data-end=\"585\">Recolectadas a mano en nuestra finca en Portugal<\/li>\n<li data-start=\"372\" data-end=\"585\">Tostadas ligeramente a 80\u201385 \u00b0C para preservar el dulzor natural<\/li>\n<li data-start=\"372\" data-end=\"585\">Calidad cuidadosamente seleccionada<\/li>\n<li data-start=\"372\" data-end=\"585\">Sin aditivos. Sin conservantes.<\/li>\n<li data-start=\"372\" data-end=\"585\">Producci\u00f3n artesanal de la finca<\/li>\n<li data-start=\"372\" data-end=\"585\">\n<p data-section-id=\"uytt92\" data-start=\"167\" data-end=\"249\">Producto natural sin tratar \u2013 pueden presentarse peque\u00f1as variaciones naturales<\/p>\n<\/li>\n<\/ul>\n<p data-start=\"587\" data-end=\"691\">Env\u00edo en 1\u20132 d\u00edas laborables desde Portugal.<br data-start=\"632\" data-end=\"635\" \/>Todos los precios incluyen IVA. Tarifas de env\u00edo UE transparentes.<\/p>\n<p data-start=\"693\" data-end=\"728\"><a href=\"https:\/\/rusticalgarve.eu\/es\/envios-y-devoluciones\/\">Ver detalles completos de env\u00edo aqu\u00ed.<\/a><\/p>\n","protected":false},"featured_media":645,"comment_status":"open","ping_status":"closed","template":"","meta":{"site-sidebar-layout":"default","site-content-layout":"","ast-site-content-layout":"default","site-content-style":"default","site-sidebar-style":"default","ast-global-header-display":"","ast-banner-title-visibility":"","ast-main-header-display":"","ast-hfb-above-header-display":"","ast-hfb-below-header-display":"","ast-hfb-mobile-header-display":"","site-post-title":"","ast-breadcrumbs-content":"","ast-featured-img":"","footer-sml-layout":"","ast-disable-related-posts":"","theme-transparent-header-meta":"default","adv-header-id-meta":"","stick-header-meta":"","header-above-stick-meta":"","header-main-stick-meta":"","header-below-stick-meta":"","astra-migrate-meta-layouts":"set","ast-page-background-enabled":"default","ast-page-background-meta":{"desktop":{"background-color":"var(--ast-global-color-5)","background-image":"","background-repeat":"repeat","background-position":"center center","background-size":"auto","background-attachment":"scroll","background-type":"","background-media":"","overlay-type":"","overlay-color":"","overlay-opacity":"","overlay-gradient":""},"tablet":{"background-color":"","background-image":"","background-repeat":"repeat","background-position":"center center","background-size":"auto","background-attachment":"scroll","background-type":"","background-media":"","overlay-type":"","overlay-color":"","overlay-opacity":"","overlay-gradient":""},"mobile":{"background-color":"","background-image":"","background-repeat":"repeat","background-position":"center center","background-size":"auto","background-attachment":"scroll","background-type":"","background-media":"","overlay-type":"","overlay-color":"","overlay-opacity":"","overlay-gradient":""}},"ast-content-background-meta":{"desktop":{"background-color":"var(--ast-global-color-4)","background-image":"","background-repeat":"repeat","background-position":"center center","background-size":"auto","background-attachment":"scroll","background-type":"","background-media":"","overlay-type":"","overlay-color":"","overlay-opacity":"","overlay-gradient":""},"tablet":{"background-color":"var(--ast-global-color-4)","background-image":"","background-repeat":"repeat","background-position":"center center","background-size":"auto","background-attachment":"scroll","background-type":"","background-media":"","overlay-type":"","overlay-color":"","overlay-opacity":"","overlay-gradient":""},"mobile":{"background-color":"var(--ast-global-color-4)","background-image":"","background-repeat":"repeat","background-position":"center center","background-size":"auto","background-attachment":"scroll","background-type":"","background-media":"","overlay-type":"","overlay-color":"","overlay-opacity":"","overlay-gradient":""}}},"product_brand":[],"product_cat":[62],"product_tag":[],"class_list":{"0":"post-644","1":"product","2":"type-product","3":"status-publish","4":"has-post-thumbnail","6":"product_cat-vainas-de-algarroba-enteras","7":"product_shipping_class-1-2-kg","8":"desktop-align-left","9":"tablet-align-left","10":"mobile-align-left","12":"first","13":"instock","14":"taxable","15":"shipping-taxable","16":"purchasable","17":"product-type-simple"},"_links":{"self":[{"href":"https:\/\/rusticalgarve.eu\/es\/wp-json\/wp\/v2\/product\/644","targetHints":{"allow":["GET"]}}],"collection":[{"href":"https:\/\/rusticalgarve.eu\/es\/wp-json\/wp\/v2\/product"}],"about":[{"href":"https:\/\/rusticalgarve.eu\/es\/wp-json\/wp\/v2\/types\/product"}],"replies":[{"embeddable":true,"href":"https:\/\/rusticalgarve.eu\/es\/wp-json\/wp\/v2\/comments?post=644"}],"wp:featuredmedia":[{"embeddable":true,"href":"https:\/\/rusticalgarve.eu\/es\/wp-json\/wp\/v2\/media\/645"}],"wp:attachment":[{"href":"https:\/\/rusticalgarve.eu\/es\/wp-json\/wp\/v2\/media?parent=644"}],"wp:term":[{"taxonomy":"product_brand","embeddable":true,"href":"https:\/\/rusticalgarve.eu\/es\/wp-json\/wp\/v2\/product_brand?post=644"},{"taxonomy":"product_cat","embeddable":true,"href":"https:\/\/rusticalgarve.eu\/es\/wp-json\/wp\/v2\/product_cat?post=644"},{"taxonomy":"product_tag","embeddable":true,"href":"https:\/\/rusticalgarve.eu\/es\/wp-json\/wp\/v2\/product_tag?post=644"}],"curies":[{"name":"wp","href":"https:\/\/api.w.org\/{rel}","templated":true}]}}