{"id":486,"date":"2026-02-24T10:42:29","date_gmt":"2026-02-24T10:42:29","guid":{"rendered":"https:\/\/rusticalgarve.eu\/mentions-legales\/"},"modified":"2026-03-11T00:44:39","modified_gmt":"2026-03-11T00:44:39","slug":"mentions-legales","status":"publish","type":"page","link":"https:\/\/rusticalgarve.eu\/fr\/mentions-legales\/","title":{"rendered":"Mentions l\u00e9gales"},"content":{"rendered":"\n<p>Mentions l\u00e9gales<\/p>\n\n<p>Nom de l\u2019entreprise : Artem Maliuzenko<\/p>\n\n<p>Forme juridique : Empres\u00e1rio em Nome Individual<\/p>\n\n<p>Si\u00e8ge social :<br\/>Quinta da Figueirinha<br\/>8300-028 Silves<br\/>Portugal<\/p>\n\n<p>Num\u00e9ro d&rsquo;identification fiscale (NIF) : 318389363<\/p>\n\n<p>Coordonn\u00e9es :<br\/>E-mail : info@rusticalgarve.eu<br\/>T\u00e9l\u00e9phone : +351 916381796<\/p>\n\n<p>Responsable du contenu du site :<br\/>Artem Maliuzenko<\/p>\n\n<p>R\u00e8glement en ligne des litiges (RLL) de l&rsquo;UE<\/p>\n\n<p>La Commission europ\u00e9enne met \u00e0 disposition une plateforme de r\u00e8glement en ligne des litiges (RLL) :<br\/>https:\/\/ec.europa.eu\/consumers\/odr\/<\/p>\n\n<p>Les consommateurs peuvent utiliser cette plateforme pour le r\u00e8glement de leurs litiges.<\/p>\n\n<p>Nous ne sommes ni tenus ni dispos\u00e9s \u00e0 participer \u00e0 des proc\u00e9dures de r\u00e8glement des litiges devant un conseil d&rsquo;arbitrage des consommateurs.<\/p>\n","protected":false},"excerpt":{"rendered":"<p>Mentions l\u00e9gales Nom de l\u2019entreprise : Artem Maliuzenko Forme juridique : Empres\u00e1rio em Nome Individual Si\u00e8ge social :Quinta da Figueirinha8300-028 [&hellip;]<\/p>\n","protected":false},"author":1,"featured_media":0,"parent":0,"menu_order":0,"comment_status":"closed","ping_status":"closed","template":"","meta":{"site-sidebar-layout":"default","site-content-layout":"","ast-site-content-layout":"default","site-content-style":"default","site-sidebar-style":"default","ast-global-header-display":"","ast-banner-title-visibility":"","ast-main-header-display":"","ast-hfb-above-header-display":"","ast-hfb-below-header-display":"","ast-hfb-mobile-header-display":"","site-post-title":"","ast-breadcrumbs-content":"","ast-featured-img":"","footer-sml-layout":"","ast-disable-related-posts":"","theme-transparent-header-meta":"","adv-header-id-meta":"","stick-header-meta":"","header-above-stick-meta":"","header-main-stick-meta":"","header-below-stick-meta":"","astra-migrate-meta-layouts":"default","ast-page-background-enabled":"default","ast-page-background-meta":{"desktop":{"background-color":"var(--ast-global-color-5)","background-image":"","background-repeat":"repeat","background-position":"center center","background-size":"auto","background-attachment":"scroll","background-type":"","background-media":"","overlay-type":"","overlay-color":"","overlay-opacity":"","overlay-gradient":""},"tablet":{"background-color":"","background-image":"","background-repeat":"repeat","background-position":"center center","background-size":"auto","background-attachment":"scroll","background-type":"","background-media":"","overlay-type":"","overlay-color":"","overlay-opacity":"","overlay-gradient":""},"mobile":{"background-color":"","background-image":"","background-repeat":"repeat","background-position":"center center","background-size":"auto","background-attachment":"scroll","background-type":"","background-media":"","overlay-type":"","overlay-color":"","overlay-opacity":"","overlay-gradient":""}},"ast-content-background-meta":{"desktop":{"background-color":"var(--ast-global-color-4)","background-image":"","background-repeat":"repeat","background-position":"center center","background-size":"auto","background-attachment":"scroll","background-type":"","background-media":"","overlay-type":"","overlay-color":"","overlay-opacity":"","overlay-gradient":""},"tablet":{"background-color":"var(--ast-global-color-4)","background-image":"","background-repeat":"repeat","background-position":"center center","background-size":"auto","background-attachment":"scroll","background-type":"","background-media":"","overlay-type":"","overlay-color":"","overlay-opacity":"","overlay-gradient":""},"mobile":{"background-color":"var(--ast-global-color-4)","background-image":"","background-repeat":"repeat","background-position":"center center","background-size":"auto","background-attachment":"scroll","background-type":"","background-media":"","overlay-type":"","overlay-color":"","overlay-opacity":"","overlay-gradient":""}},"footnotes":""},"class_list":["post-486","page","type-page","status-publish","hentry"],"_links":{"self":[{"href":"https:\/\/rusticalgarve.eu\/fr\/wp-json\/wp\/v2\/pages\/486","targetHints":{"allow":["GET"]}}],"collection":[{"href":"https:\/\/rusticalgarve.eu\/fr\/wp-json\/wp\/v2\/pages"}],"about":[{"href":"https:\/\/rusticalgarve.eu\/fr\/wp-json\/wp\/v2\/types\/page"}],"author":[{"embeddable":true,"href":"https:\/\/rusticalgarve.eu\/fr\/wp-json\/wp\/v2\/users\/1"}],"replies":[{"embeddable":true,"href":"https:\/\/rusticalgarve.eu\/fr\/wp-json\/wp\/v2\/comments?post=486"}],"version-history":[{"count":2,"href":"https:\/\/rusticalgarve.eu\/fr\/wp-json\/wp\/v2\/pages\/486\/revisions"}],"predecessor-version":[{"id":748,"href":"https:\/\/rusticalgarve.eu\/fr\/wp-json\/wp\/v2\/pages\/486\/revisions\/748"}],"wp:attachment":[{"href":"https:\/\/rusticalgarve.eu\/fr\/wp-json\/wp\/v2\/media?parent=486"}],"curies":[{"name":"wp","href":"https:\/\/api.w.org\/{rel}","templated":true}]}}