{"id":498,"date":"2026-02-24T10:48:13","date_gmt":"2026-02-24T10:48:13","guid":{"rendered":"https:\/\/rusticalgarve.eu\/livraison-retours\/"},"modified":"2026-03-10T18:49:59","modified_gmt":"2026-03-10T18:49:59","slug":"livraison-retours","status":"publish","type":"page","link":"https:\/\/rusticalgarve.eu\/fr\/livraison-retours\/","title":{"rendered":"Livraison &amp; retours"},"content":{"rendered":"\n<h2 class=\"wp-block-heading\"><span class=\"ez-toc-section\" id=\"%F0%9F%93%A6_Expedition\"><\/span>\ud83d\udce6 Exp\u00e9dition<span class=\"ez-toc-section-end\"><\/span><\/h2>\n\n<p>Nous exp\u00e9dions directement depuis notre petite exploitation au Portugal vers une s\u00e9lection de pays de l\u2019UE.<\/p>\n\n<p>Les frais d\u2019exp\u00e9dition sont calcul\u00e9s automatiquement lors du paiement et affich\u00e9s clairement avant la finalisation de votre achat, sans frais cach\u00e9s.<\/p>\n\n<p>D\u00e9lai de livraison estim\u00e9 :<br\/>2 \u00e0 8 jours ouvrables, selon la destination et le service de messagerie.<\/p>\n\n<p>Toutes les commandes sont exp\u00e9di\u00e9es par des partenaires de transport fiables.<br\/>Vous recevrez les informations de suivi d\u00e8s que votre colis aura \u00e9t\u00e9 exp\u00e9di\u00e9.<\/p>\n\n<p>Veuillez vous assurer que votre adresse de livraison est saisie correctement lors de votre commande. Nous d\u00e9clinons toute responsabilit\u00e9 pour les retards caus\u00e9s par des adresses incorrectes ou incompl\u00e8tes. <\/p>\n\n<div style=\"margin:30px 0;\">\n  <p style=\"margin:0 0 15px 0; font-size:15px; color:#555;\">\n  Tous les prix d\u2019exp\u00e9dition ci-dessous incluent la TVA de 23 %.\n  <\/p>\n\n  <div style=\"overflow-x:auto;\">\n    <table style=\"width:100%; border-collapse:collapse; font-family:Arial, sans-serif; font-size:15px; min-width:700px;\">\n      <thead>\n        <tr style=\"background:#f4f4f4;\">\n          <th style=\"padding:12px; border:1px solid #ddd; text-align:left;\">Pays<\/th>\n          <th style=\"padding:12px; border:1px solid #ddd; text-align:center;\">Paquet individuel<br\/>750 g<\/th>\n          <th style=\"padding:12px; border:1px solid #ddd; text-align:center;\">Lot<br\/>2 \u00d7 750 g<\/th>\n          <th style=\"padding:12px; border:1px solid #ddd; text-align:center;\">Pack \u00e9conomique<br\/>3 \u00d7 750 g<\/th>\n        <\/tr>\n      <\/thead>\n      <tbody>\n        <tr>\n          <td style=\"padding:12px; border:1px solid #ddd;\">Allemagne<\/td>\n          <td style=\"padding:12px; border:1px solid #ddd; text-align:center;\">9,90 \u20ac<\/td>\n          <td style=\"padding:12px; border:1px solid #ddd; text-align:center;\">12,90 \u20ac<\/td>\n          <td style=\"padding:12px; border:1px solid #ddd; text-align:center;\">13,90 \u20ac<\/td>\n        <\/tr>\n        <tr style=\"background:#fafafa;\">\n          <td style=\"padding:12px; border:1px solid #ddd;\">Autriche<\/td>\n          <td style=\"padding:12px; border:1px solid #ddd; text-align:center;\">9,90 \u20ac<\/td>\n          <td style=\"padding:12px; border:1px solid #ddd; text-align:center;\">13,90 \u20ac<\/td>\n          <td style=\"padding:12px; border:1px solid #ddd; text-align:center;\">14,90 \u20ac<\/td>\n        <\/tr>\n        <tr>\n          <td style=\"padding:12px; border:1px solid #ddd;\">France<\/td>\n          <td style=\"padding:12px; border:1px solid #ddd; text-align:center;\">10,90 \u20ac<\/td>\n          <td style=\"padding:12px; border:1px solid #ddd; text-align:center;\">13,90 \u20ac<\/td>\n          <td style=\"padding:12px; border:1px solid #ddd; text-align:center;\">15,90 \u20ac<\/td>\n        <\/tr>\n        <tr style=\"background:#fafafa;\">\n          <td style=\"padding:12px; border:1px solid #ddd;\">Italie<\/td>\n          <td style=\"padding:12px; border:1px solid #ddd; text-align:center;\">10,90 \u20ac<\/td>\n          <td style=\"padding:12px; border:1px solid #ddd; text-align:center;\">14,90 \u20ac<\/td>\n          <td style=\"padding:12px; border:1px solid #ddd; text-align:center;\">16,90 \u20ac<\/td>\n        <\/tr>\n        <tr>\n          <td style=\"padding:12px; border:1px solid #ddd;\">Espagne<\/td>\n          <td style=\"padding:12px; border:1px solid #ddd; text-align:center;\">7,90 \u20ac<\/td>\n          <td style=\"padding:12px; border:1px solid #ddd; text-align:center;\">8,90 \u20ac<\/td>\n          <td style=\"padding:12px; border:1px solid #ddd; text-align:center;\">8,90 \u20ac<\/td>\n        <\/tr>\n        <tr style=\"background:#fafafa;\">\n          <td style=\"padding:12px; border:1px solid #ddd;\">Portugal<\/td>\n          <td style=\"padding:12px; border:1px solid #ddd; text-align:center;\">4,90 \u20ac<\/td>\n          <td style=\"padding:12px; border:1px solid #ddd; text-align:center;\">4,90 \u20ac<\/td>\n          <td style=\"padding:12px; border:1px solid #ddd; text-align:center;\">5,90 \u20ac<\/td>\n        <\/tr>\n      <\/tbody>\n    <\/table>\n  <\/div>\n<\/div>\n\n<hr class=\"wp-block-separator has-alpha-channel-opacity\"\/>\n\n<h2 class=\"wp-block-heading\"><span class=\"ez-toc-section\" id=\"%F0%9F%94%81_Retours_et_droit_de_retractation\"><\/span>\ud83d\udd01 Retours et droit de r\u00e9tractation<span class=\"ez-toc-section-end\"><\/span><\/h2>\n\n<p>Conform\u00e9ment \u00e0 la l\u00e9gislation de l\u2019UE, vous disposez d\u2019un droit de r\u00e9tractation de 14 jours apr\u00e8s la r\u00e9ception de votre commande.<\/p>\n\n<p>Toutefois, nos produits \u00e9tant des denr\u00e9es alimentaires naturelles, le droit de r\u00e9tractation ne s\u2019applique pas aux articles ayant \u00e9t\u00e9 ouverts ou descell\u00e9s pour des raisons de sant\u00e9 et d\u2019hygi\u00e8ne.<\/p>\n\n<p>Cela signifie :<\/p>\n\n<ul class=\"wp-block-list\">\n<li>Les produits non ouverts et scell\u00e9s peuvent \u00eatre retourn\u00e9s dans un d\u00e9lai de 14 jours.<\/li>\n\n\n\n<li>Les produits ouverts ou descell\u00e9s ne peuvent pas \u00eatre retourn\u00e9s.<\/li>\n<\/ul>\n\n<h3 class=\"wp-block-heading\"><span class=\"ez-toc-section\" id=\"Conditions_de_retour\"><\/span>Conditions de retour<span class=\"ez-toc-section-end\"><\/span><\/h3>\n\n<ul class=\"wp-block-list\">\n<li>Les produits doivent \u00eatre non ouverts et dans leur emballage d\u2019origine.<\/li>\n\n\n\n<li>Les frais de retour sont \u00e0 la charge du client.<\/li>\n\n\n\n<li>Les remboursements sont effectu\u00e9s apr\u00e8s r\u00e9ception et inspection des articles retourn\u00e9s.<\/li>\n<\/ul>\n\n<p>Si votre commande arrive endommag\u00e9e ou en cas de probl\u00e8me, veuillez nous contacter dans les 48 heures suivant la livraison en joignant des photos. Nous nous efforcerons toujours de trouver une solution \u00e9quitable avec vous. <\/p>\n\n<p>Pour initier un retour, veuillez contacter :<br\/><a>info@rusticalgarve.eu<\/a><\/p>\n\n<p>Votre satisfaction nous tient vraiment \u00e0 c\u0153ur. Si quelque chose ne va pas, n\u2019h\u00e9sitez pas \u00e0 nous contacter, nous sommes l\u00e0 pour vous aider. <\/p>\n","protected":false},"excerpt":{"rendered":"<p>\ud83d\udce6 Exp\u00e9dition Nous exp\u00e9dions directement depuis notre petite exploitation au Portugal vers une s\u00e9lection de pays de l\u2019UE. Les frais [&hellip;]<\/p>\n","protected":false},"author":1,"featured_media":0,"parent":0,"menu_order":0,"comment_status":"closed","ping_status":"closed","template":"","meta":{"site-sidebar-layout":"default","site-content-layout":"","ast-site-content-layout":"default","site-content-style":"default","site-sidebar-style":"default","ast-global-header-display":"","ast-banner-title-visibility":"","ast-main-header-display":"","ast-hfb-above-header-display":"","ast-hfb-below-header-display":"","ast-hfb-mobile-header-display":"","site-post-title":"","ast-breadcrumbs-content":"","ast-featured-img":"","footer-sml-layout":"","ast-disable-related-posts":"","theme-transparent-header-meta":"","adv-header-id-meta":"","stick-header-meta":"","header-above-stick-meta":"","header-main-stick-meta":"","header-below-stick-meta":"","astra-migrate-meta-layouts":"default","ast-page-background-enabled":"default","ast-page-background-meta":{"desktop":{"background-color":"var(--ast-global-color-5)","background-image":"","background-repeat":"repeat","background-position":"center center","background-size":"auto","background-attachment":"scroll","background-type":"","background-media":"","overlay-type":"","overlay-color":"","overlay-opacity":"","overlay-gradient":""},"tablet":{"background-color":"","background-image":"","background-repeat":"repeat","background-position":"center center","background-size":"auto","background-attachment":"scroll","background-type":"","background-media":"","overlay-type":"","overlay-color":"","overlay-opacity":"","overlay-gradient":""},"mobile":{"background-color":"","background-image":"","background-repeat":"repeat","background-position":"center center","background-size":"auto","background-attachment":"scroll","background-type":"","background-media":"","overlay-type":"","overlay-color":"","overlay-opacity":"","overlay-gradient":""}},"ast-content-background-meta":{"desktop":{"background-color":"var(--ast-global-color-4)","background-image":"","background-repeat":"repeat","background-position":"center center","background-size":"auto","background-attachment":"scroll","background-type":"","background-media":"","overlay-type":"","overlay-color":"","overlay-opacity":"","overlay-gradient":""},"tablet":{"background-color":"var(--ast-global-color-4)","background-image":"","background-repeat":"repeat","background-position":"center center","background-size":"auto","background-attachment":"scroll","background-type":"","background-media":"","overlay-type":"","overlay-color":"","overlay-opacity":"","overlay-gradient":""},"mobile":{"background-color":"var(--ast-global-color-4)","background-image":"","background-repeat":"repeat","background-position":"center center","background-size":"auto","background-attachment":"scroll","background-type":"","background-media":"","overlay-type":"","overlay-color":"","overlay-opacity":"","overlay-gradient":""}},"footnotes":""},"class_list":["post-498","page","type-page","status-publish","hentry"],"_links":{"self":[{"href":"https:\/\/rusticalgarve.eu\/fr\/wp-json\/wp\/v2\/pages\/498","targetHints":{"allow":["GET"]}}],"collection":[{"href":"https:\/\/rusticalgarve.eu\/fr\/wp-json\/wp\/v2\/pages"}],"about":[{"href":"https:\/\/rusticalgarve.eu\/fr\/wp-json\/wp\/v2\/types\/page"}],"author":[{"embeddable":true,"href":"https:\/\/rusticalgarve.eu\/fr\/wp-json\/wp\/v2\/users\/1"}],"replies":[{"embeddable":true,"href":"https:\/\/rusticalgarve.eu\/fr\/wp-json\/wp\/v2\/comments?post=498"}],"version-history":[{"count":2,"href":"https:\/\/rusticalgarve.eu\/fr\/wp-json\/wp\/v2\/pages\/498\/revisions"}],"predecessor-version":[{"id":745,"href":"https:\/\/rusticalgarve.eu\/fr\/wp-json\/wp\/v2\/pages\/498\/revisions\/745"}],"wp:attachment":[{"href":"https:\/\/rusticalgarve.eu\/fr\/wp-json\/wp\/v2\/media?parent=498"}],"curies":[{"name":"wp","href":"https:\/\/api.w.org\/{rel}","templated":true}]}}