{"id":594,"date":"2026-02-27T10:11:57","date_gmt":"2026-02-27T10:11:57","guid":{"rendered":"https:\/\/rusticalgarve.eu\/product\/gousses-de-caroube-entieres-lot-economique-3-x-750-g-torrefaction-legere\/"},"modified":"2026-03-12T12:02:17","modified_gmt":"2026-03-12T12:02:17","slug":"gousses-de-caroube-entieres-lot-economique-3-x-750-g-torrefaction-legere","status":"publish","type":"product","link":"https:\/\/rusticalgarve.eu\/fr\/product\/gousses-de-caroube-entieres-lot-economique-3-x-750-g-torrefaction-legere\/","title":{"rendered":"Gousses de caroube enti\u00e8res \u2013 Pack \u00e9conomique 3 \u00d7 750 g (Torr\u00e9faction l\u00e9g\u00e8re)"},"content":{"rendered":"<h2 data-start=\"826\" data-end=\"868\">Gousses de Caroube Enti\u00e8res 3 x 750 g \u2013 Meilleur Rapport Qualit\u00e9-Prix pour les Amateurs de Caroube<\/h2>\n<p data-start=\"870\" data-end=\"1004\">Notre pack \u00e9conomique de gousses de caroube enti\u00e8res 3 x 750 g est le moyen le plus \u00e9conomique de savourer nos gousses de caroube l\u00e9g\u00e8rement torr\u00e9fi\u00e9es. R\u00e9colt\u00e9es dans notre Quinta en Algarve et d\u00e9licatement torr\u00e9fi\u00e9es pour pr\u00e9server leur douceur naturelle, cette option en vrac est parfaite pour une consommation r\u00e9guli\u00e8re ou pour faire des r\u00e9serves.<\/p>\n<p data-start=\"1006\" data-end=\"1274\">Chaque gousse est s\u00e9lectionn\u00e9e \u00e0 la main et d\u00e9licatement torr\u00e9fi\u00e9e entre 80 et 85 \u00b0C pendant environ 20 minutes afin d&rsquo;en rehausser la douceur naturelle tout en pr\u00e9servant sa structure et son caract\u00e8re. Apr\u00e8s torr\u00e9faction, les gousses sont refroidies et tri\u00e9es \u00e0 nouveau avant d&rsquo;\u00eatre scell\u00e9es dans des sachets refermables.<\/p>\n<p data-start=\"1699\" data-end=\"1732\"><strong data-start=\"1699\" data-end=\"1732\">Ce pack \u00e9conomique est id\u00e9al pour :<\/strong><\/p>\n<ul>\n<li data-start=\"1736\" data-end=\"1768\">Les familles et les foyers partag\u00e9s<\/li>\n<li data-start=\"1771\" data-end=\"1796\">Les consommateurs r\u00e9guliers de caroube<\/li>\n<li data-start=\"1799\" data-end=\"1832\">La p\u00e2tisserie et la mouture en poudre<\/li>\n<li data-start=\"1835\" data-end=\"1854\">Le stockage \u00e0 long terme<\/li>\n<li data-start=\"1857\" data-end=\"1881\">Un meilleur prix par sachet<\/li>\n<\/ul>\n<p data-start=\"1420\" data-end=\"1529\">Notre caroube pousse naturellement sous le soleil portugais et est transform\u00e9e en petites quantit\u00e9s avec attention et soin.<\/p>\n<h3 data-start=\"1531\" data-end=\"1550\">D\u00e9tails du produit<\/h3>\n<ul>\n<li>3 sachets de 750 g<\/li>\n<li>Poids total : 2,25 kg<\/li>\n<li>L\u00e9g\u00e8rement torr\u00e9fi\u00e9es<\/li>\n<li>Gousses enti\u00e8res<\/li>\n<li>Sans additifs<\/li>\n<li>Emball\u00e9 au Portugal<\/li>\n<li>Conserver dans un endroit frais et sec.<\/li>\n<\/ul>\n<p>M\u00eame en plus grandes quantit\u00e9s, notre caroube reste fid\u00e8le \u00e0 son origine. D\u00e9couvrez-en plus sur notre terre, notre r\u00e9colte et notre engagement envers l\u2019authenticit\u00e9 sur notre page <a href=\"https:\/\/rusticalgarve.eu\/fr\/a-propos-de-rustic-algarve\/\">\u00c0 propos de Rustic Algarve<\/a>.<\/p>\n<h2 data-section-id=\"174y3ak\" data-start=\"223\" data-end=\"270\">\ud83c\udf3f Notre processus &amp; notre qualit\u00e9 naturelle<\/h2>\n<p data-start=\"272\" data-end=\"377\">Nos gousses de caroube sont r\u00e9colt\u00e9es \u00e0 la main au Portugal et soigneusement transform\u00e9es en petits lots.<\/p>\n<p data-start=\"379\" data-end=\"438\">Contrairement aux produits industriels, notre caroube est :<\/p>\n<ul data-start=\"440\" data-end=\"519\">\n<li data-section-id=\"m9yhl0\" data-start=\"440\" data-end=\"459\">\n<p data-start=\"442\" data-end=\"459\">sans pesticides<\/p>\n<\/li>\n<li data-section-id=\"dt0nk4\" data-start=\"460\" data-end=\"488\">\n<p data-start=\"462\" data-end=\"488\">non trait\u00e9e chimiquement<\/p>\n<\/li>\n<li data-section-id=\"n81a9t\" data-start=\"489\" data-end=\"519\">\n<p data-start=\"491\" data-end=\"519\">non polie artificiellement<\/p>\n<\/li>\n<\/ul>\n<p data-start=\"521\" data-end=\"621\">Comme il s\u2019agit d\u2019un v\u00e9ritable produit agricole naturel, des variations naturelles peuvent survenir.<\/p>\n<p data-start=\"623\" data-end=\"892\">Il peut arriver que vous remarquiez de petites marques superficielles ou de l\u00e9g\u00e8res imperfections internes apparues pendant la phase de croissance.<br data-start=\"770\" data-end=\"773\" \/>Ces caract\u00e9ristiques font naturellement partie d\u2019un produit non trait\u00e9 et n\u2019affectent ni sa qualit\u00e9 ni son utilisation.<\/p>\n<hr data-start=\"894\" data-end=\"897\" \/>\n<h2 data-section-id=\"11iqygu\" data-start=\"899\" data-end=\"939\">Nos \u00e9tapes de transformation soign\u00e9es<\/h2>\n<p data-start=\"941\" data-end=\"987\">Chaque lot suit un processus manuel contr\u00f4l\u00e9 :<\/p>\n<ul data-start=\"989\" data-end=\"1193\">\n<li data-section-id=\"18x33v9\" data-start=\"989\" data-end=\"1009\">\n<p data-start=\"991\" data-end=\"1009\">R\u00e9colte manuelle<\/p>\n<\/li>\n<li data-section-id=\"927777\" data-start=\"1010\" data-end=\"1032\">\n<p data-start=\"1012\" data-end=\"1032\">S\u00e9lection manuelle<\/p>\n<\/li>\n<li data-section-id=\"12xkve8\" data-start=\"1033\" data-end=\"1043\">\n<p data-start=\"1035\" data-end=\"1043\">Lavage<\/p>\n<\/li>\n<li data-section-id=\"1mtzw8f\" data-start=\"1044\" data-end=\"1064\">\n<p data-start=\"1046\" data-end=\"1064\">S\u00e9chage contr\u00f4l\u00e9<\/p>\n<\/li>\n<li data-section-id=\"1odbm3j\" data-start=\"1065\" data-end=\"1113\">\n<p data-start=\"1067\" data-end=\"1113\">Torr\u00e9faction douce \u00e0 85\u00b0C pendant 20 minutes<\/p>\n<\/li>\n<li data-section-id=\"1k0djqx\" data-start=\"1114\" data-end=\"1142\">\n<p data-start=\"1116\" data-end=\"1142\">Phase de refroidissement<\/p>\n<\/li>\n<li data-section-id=\"14qcl2y\" data-start=\"1143\" data-end=\"1172\">\n<p data-start=\"1145\" data-end=\"1172\">S\u00e9lection manuelle finale<\/p>\n<\/li>\n<li data-section-id=\"1sbculx\" data-start=\"1173\" data-end=\"1193\">\n<p data-start=\"1175\" data-end=\"1193\">Emballage soign\u00e9<\/p>\n<\/li>\n<\/ul>\n<p data-start=\"1195\" data-end=\"1239\">Tout au long du processus, nous effectuons :<\/p>\n<ul data-start=\"1241\" data-end=\"1291\">\n<li data-section-id=\"v35akz\" data-start=\"1241\" data-end=\"1266\">\n<p data-start=\"1243\" data-end=\"1266\">Des contr\u00f4les visuels<\/p>\n<\/li>\n<li data-section-id=\"12b3jju\" data-start=\"1267\" data-end=\"1291\">\n<p data-start=\"1269\" data-end=\"1291\">Des tests de fermet\u00e9<\/p>\n<\/li>\n<\/ul>\n<p data-start=\"1293\" data-end=\"1332\">afin de garantir une qualit\u00e9 constante.<\/p>\n<hr data-start=\"1334\" data-end=\"1337\" \/>\n<h2 data-section-id=\"1gf6uf3\" data-start=\"1339\" data-end=\"1387\">Engagement en mati\u00e8re de s\u00e9curit\u00e9 alimentaire<\/h2>\n<p data-start=\"1389\" data-end=\"1608\">Notre manipulation et notre transformation respectent des normes d\u2019hygi\u00e8ne document\u00e9es ainsi que les principes HACCP, afin d\u2019assurer une manipulation alimentaire s\u00fbre tout en pr\u00e9servant l\u2019int\u00e9grit\u00e9 naturelle du produit.<\/p>\n<p data-start=\"1610\" data-end=\"1708\">Nous pensons que de l\u00e9g\u00e8res variations naturelles sont un signe d\u2019authenticit\u00e9 \u2014 et non un d\u00e9faut.<\/p>\n","protected":false},"excerpt":{"rendered":"<div style=\"display: inline-block; background: #d4a017; color: white; padding: 6px 12px; font-size: 13px; font-weight: bold; border-radius: 20px; margin-bottom: 10px;\">Meilleur rapport qualit\u00e9-prix<\/div>\n<p data-start=\"175\" data-end=\"336\"><strong data-start=\"175\" data-end=\"249\">Notre plus grand lot de gousses de caroube enti\u00e8res \u00e0 torr\u00e9faction l\u00e9g\u00e8re de l\u2019Algarve.<\/strong><\/p>\n<p data-start=\"175\" data-end=\"336\">Comprend 3 sachets premium de 750 g \u2013 id\u00e9al pour une consommation r\u00e9guli\u00e8re, les familles ou faire des r\u00e9serves.<\/p>\n<ul>\n<li data-start=\"338\" data-end=\"552\">3 \u00d7 750 g de gousses de caroube enti\u00e8res (2,25 kg au total)<\/li>\n<li data-start=\"338\" data-end=\"552\">R\u00e9colt\u00e9es \u00e0 la main dans notre ferme au Portugal<\/li>\n<li data-start=\"338\" data-end=\"552\">Torr\u00e9faction l\u00e9g\u00e8re \u00e0 80\u201385 \u00b0C pour pr\u00e9server la douceur naturelle<\/li>\n<li data-start=\"338\" data-end=\"552\">Qualit\u00e9 soigneusement s\u00e9lectionn\u00e9e<\/li>\n<li data-start=\"338\" data-end=\"552\">Aucun additif. Aucun conservateur.<\/li>\n<li data-start=\"338\" data-end=\"552\">\n<p data-section-id=\"1p9vgcr\" data-start=\"133\" data-end=\"216\">Produit naturel non trait\u00e9 \u2013 de l\u00e9g\u00e8res variations naturelles peuvent appara\u00eetre<\/p>\n<\/li>\n<\/ul>\n<p data-start=\"554\" data-end=\"590\">Option au meilleur prix \u2013 \u00e9conomisez par rapport aux paquets individuels.<\/p>\n<ul>\n<li data-start=\"554\" data-end=\"590\">Production fermi\u00e8re en petites quantit\u00e9s<\/li>\n<li data-start=\"554\" data-end=\"590\">Directement de notre Quinta au Portugal<\/li>\n<li data-start=\"554\" data-end=\"590\">Culture naturelle et s\u00e9lection \u00e0 la main<\/li>\n<\/ul>\n<p data-start=\"592\" data-end=\"696\">Exp\u00e9di\u00e9 sous 1 \u00e0 2 jours ouvrables depuis le Portugal.<br data-start=\"637\" data-end=\"640\" \/>Tous les prix incluent la TVA. Tarifs d\u2019exp\u00e9dition transparents pour l\u2019UE.<\/p>\n<p data-start=\"698\" data-end=\"733\"><a href=\"https:\/\/rusticalgarve.eu\/fr\/livraison-retours\/\">Consultez tous les d\u00e9tails de livraison ici.<\/a><\/p>\n","protected":false},"featured_media":221,"comment_status":"open","ping_status":"closed","template":"","meta":{"site-sidebar-layout":"default","site-content-layout":"","ast-site-content-layout":"default","site-content-style":"default","site-sidebar-style":"default","ast-global-header-display":"","ast-banner-title-visibility":"","ast-main-header-display":"","ast-hfb-above-header-display":"","ast-hfb-below-header-display":"","ast-hfb-mobile-header-display":"","site-post-title":"","ast-breadcrumbs-content":"","ast-featured-img":"","footer-sml-layout":"","ast-disable-related-posts":"","theme-transparent-header-meta":"default","adv-header-id-meta":"","stick-header-meta":"","header-above-stick-meta":"","header-main-stick-meta":"","header-below-stick-meta":"","astra-migrate-meta-layouts":"set","ast-page-background-enabled":"default","ast-page-background-meta":{"desktop":{"background-color":"var(--ast-global-color-5)","background-image":"","background-repeat":"repeat","background-position":"center center","background-size":"auto","background-attachment":"scroll","background-type":"","background-media":"","overlay-type":"","overlay-color":"","overlay-opacity":"","overlay-gradient":""},"tablet":{"background-color":"","background-image":"","background-repeat":"repeat","background-position":"center center","background-size":"auto","background-attachment":"scroll","background-type":"","background-media":"","overlay-type":"","overlay-color":"","overlay-opacity":"","overlay-gradient":""},"mobile":{"background-color":"","background-image":"","background-repeat":"repeat","background-position":"center center","background-size":"auto","background-attachment":"scroll","background-type":"","background-media":"","overlay-type":"","overlay-color":"","overlay-opacity":"","overlay-gradient":""}},"ast-content-background-meta":{"desktop":{"background-color":"var(--ast-global-color-4)","background-image":"","background-repeat":"repeat","background-position":"center center","background-size":"auto","background-attachment":"scroll","background-type":"","background-media":"","overlay-type":"","overlay-color":"","overlay-opacity":"","overlay-gradient":""},"tablet":{"background-color":"var(--ast-global-color-4)","background-image":"","background-repeat":"repeat","background-position":"center center","background-size":"auto","background-attachment":"scroll","background-type":"","background-media":"","overlay-type":"","overlay-color":"","overlay-opacity":"","overlay-gradient":""},"mobile":{"background-color":"var(--ast-global-color-4)","background-image":"","background-repeat":"repeat","background-position":"center center","background-size":"auto","background-attachment":"scroll","background-type":"","background-media":"","overlay-type":"","overlay-color":"","overlay-opacity":"","overlay-gradient":""}}},"product_brand":[],"product_cat":[60],"product_tag":[],"class_list":{"0":"post-594","1":"product","2":"type-product","3":"status-publish","4":"has-post-thumbnail","6":"product_cat-gousses-de-caroube-entieres","7":"product_shipping_class-2-3-kg","8":"desktop-align-left","9":"tablet-align-left","10":"mobile-align-left","12":"first","13":"instock","14":"taxable","15":"shipping-taxable","16":"purchasable","17":"product-type-simple"},"_links":{"self":[{"href":"https:\/\/rusticalgarve.eu\/fr\/wp-json\/wp\/v2\/product\/594","targetHints":{"allow":["GET"]}}],"collection":[{"href":"https:\/\/rusticalgarve.eu\/fr\/wp-json\/wp\/v2\/product"}],"about":[{"href":"https:\/\/rusticalgarve.eu\/fr\/wp-json\/wp\/v2\/types\/product"}],"replies":[{"embeddable":true,"href":"https:\/\/rusticalgarve.eu\/fr\/wp-json\/wp\/v2\/comments?post=594"}],"wp:featuredmedia":[{"embeddable":true,"href":"https:\/\/rusticalgarve.eu\/fr\/wp-json\/wp\/v2\/media\/221"}],"wp:attachment":[{"href":"https:\/\/rusticalgarve.eu\/fr\/wp-json\/wp\/v2\/media?parent=594"}],"wp:term":[{"taxonomy":"product_brand","embeddable":true,"href":"https:\/\/rusticalgarve.eu\/fr\/wp-json\/wp\/v2\/product_brand?post=594"},{"taxonomy":"product_cat","embeddable":true,"href":"https:\/\/rusticalgarve.eu\/fr\/wp-json\/wp\/v2\/product_cat?post=594"},{"taxonomy":"product_tag","embeddable":true,"href":"https:\/\/rusticalgarve.eu\/fr\/wp-json\/wp\/v2\/product_tag?post=594"}],"curies":[{"name":"wp","href":"https:\/\/api.w.org\/{rel}","templated":true}]}}