{"id":648,"date":"2026-02-27T10:02:45","date_gmt":"2026-02-27T10:02:45","guid":{"rendered":"https:\/\/rusticalgarve.eu\/product\/gousses-de-caroube-entieres-lot-de-2-x-750-g-legerement-torrefiees\/"},"modified":"2026-03-12T12:01:07","modified_gmt":"2026-03-12T12:01:07","slug":"gousses-de-caroube-entieres-lot-de-2-x-750-g-legerement-torrefiees","status":"publish","type":"product","link":"https:\/\/rusticalgarve.eu\/fr\/product\/gousses-de-caroube-entieres-lot-de-2-x-750-g-legerement-torrefiees\/","title":{"rendered":"Gousses de caroube enti\u00e8res \u2013 Lot de 2 x 750 g (L\u00e9g\u00e8rement torr\u00e9fi\u00e9es)"},"content":{"rendered":"<h2 data-start=\"1086\" data-end=\"1128\">Gousses de caroube enti\u00e8res 2 \u00d7 750 g \u2013 Double pack pour une consommation r\u00e9guli\u00e8re<\/h2>\n<p data-start=\"1130\" data-end=\"1262\">Notre double pack de gousses de caroube enti\u00e8res 2 \u00d7 750 g contient deux sachets grand format de gousses de caroube enti\u00e8res l\u00e9g\u00e8rement torr\u00e9fi\u00e9es, r\u00e9colt\u00e9es \u00e0 la main directement dans notre Quinta en Algarve.<\/p>\n<p data-start=\"1264\" data-end=\"1519\">Chaque gousse est s\u00e9lectionn\u00e9e \u00e0 la main et d\u00e9licatement torr\u00e9fi\u00e9e \u00e0 80\u201385 \u00b0C pendant environ 20 minutes pour rehausser sa douceur naturelle tout en pr\u00e9servant son caract\u00e8re. Apr\u00e8s torr\u00e9faction, les gousses sont refroidies et soigneusement tri\u00e9es \u00e0 nouveau avant d\u2019\u00eatre emball\u00e9es dans des sachets refermables.<\/p>\n<p data-start=\"1521\" data-end=\"1551\"><strong>Ce lot double est id\u00e9al pour :<\/strong><\/p>\n<ul>\n<li data-start=\"1553\" data-end=\"1667\">Consommation r\u00e9guli\u00e8re<\/li>\n<li data-start=\"1553\" data-end=\"1667\">Familles<\/li>\n<li data-start=\"1553\" data-end=\"1667\">Passionn\u00e9s de nutrition sportive<\/li>\n<li data-start=\"1553\" data-end=\"1667\">Le stockage \u00e0 long terme<\/li>\n<li data-start=\"1553\" data-end=\"1667\">\u00c0 partager ou \u00e0 offrir<\/li>\n<\/ul>\n<p data-start=\"1669\" data-end=\"1778\">Notre caroube pousse naturellement sous le soleil portugais et est transform\u00e9e en petites quantit\u00e9s avec soin et attention.<\/p>\n<h3 data-start=\"1780\" data-end=\"1799\">D\u00e9tails du produit<\/h3>\n<ul>\n<li data-start=\"1801\" data-end=\"1919\">2 \u00d7 750 g sachets<\/li>\n<li data-start=\"1801\" data-end=\"1919\">Poids total : 1,5 kg<\/li>\n<li data-start=\"1801\" data-end=\"1919\">L\u00e9g\u00e8rement torr\u00e9fi\u00e9es<\/li>\n<li data-start=\"1801\" data-end=\"1919\">Gousses enti\u00e8res<\/li>\n<li data-start=\"1801\" data-end=\"1919\">Sans additifs<\/li>\n<li data-start=\"1801\" data-end=\"1919\">Emball\u00e9 au Portugal<\/li>\n<li data-start=\"1801\" data-end=\"1919\">Conserver dans un endroit frais et sec.<\/li>\n<\/ul>\n<p data-start=\"1801\" data-end=\"1919\">Notre double pack refl\u00e8te la m\u00eame production en petites s\u00e9ries et la m\u00eame pr\u00e9paration soign\u00e9e pratiqu\u00e9es dans notre Quinta. Vous pouvez en savoir plus sur notre philosophie et notre production sur notre page <a href=\"https:\/\/rusticalgarve.eu\/fr\/a-propos-de-rustic-algarve\/\">\u00c0 propos de Rustic Algarve<\/a>.<\/p>\n<h2 data-section-id=\"174y3ak\" data-start=\"223\" data-end=\"270\">\ud83c\udf3f Notre processus &amp; notre qualit\u00e9 naturelle<\/h2>\n<p data-start=\"272\" data-end=\"377\">Nos gousses de caroube sont r\u00e9colt\u00e9es \u00e0 la main au Portugal et soigneusement transform\u00e9es en petits lots.<\/p>\n<p data-start=\"379\" data-end=\"438\">Contrairement aux produits industriels, notre caroube est :<\/p>\n<ul data-start=\"440\" data-end=\"519\">\n<li data-section-id=\"m9yhl0\" data-start=\"440\" data-end=\"459\">\n<p data-start=\"442\" data-end=\"459\">sans pesticides<\/p>\n<\/li>\n<li data-section-id=\"dt0nk4\" data-start=\"460\" data-end=\"488\">\n<p data-start=\"462\" data-end=\"488\">non trait\u00e9e chimiquement<\/p>\n<\/li>\n<li data-section-id=\"n81a9t\" data-start=\"489\" data-end=\"519\">\n<p data-start=\"491\" data-end=\"519\">non polie artificiellement<\/p>\n<\/li>\n<\/ul>\n<p data-start=\"521\" data-end=\"621\">Comme il s\u2019agit d\u2019un v\u00e9ritable produit agricole naturel, des variations naturelles peuvent survenir.<\/p>\n<p data-start=\"623\" data-end=\"892\">Il peut arriver que vous remarquiez de petites marques superficielles ou de l\u00e9g\u00e8res imperfections internes apparues pendant la phase de croissance.<br data-start=\"770\" data-end=\"773\" \/>Ces caract\u00e9ristiques font naturellement partie d\u2019un produit non trait\u00e9 et n\u2019affectent ni sa qualit\u00e9 ni son utilisation.<\/p>\n<hr data-start=\"894\" data-end=\"897\" \/>\n<h2 data-section-id=\"11iqygu\" data-start=\"899\" data-end=\"939\">Nos \u00e9tapes de transformation soign\u00e9es<\/h2>\n<p data-start=\"941\" data-end=\"987\">Chaque lot suit un processus manuel contr\u00f4l\u00e9 :<\/p>\n<ul data-start=\"989\" data-end=\"1193\">\n<li data-section-id=\"18x33v9\" data-start=\"989\" data-end=\"1009\">\n<p data-start=\"991\" data-end=\"1009\">R\u00e9colte manuelle<\/p>\n<\/li>\n<li data-section-id=\"927777\" data-start=\"1010\" data-end=\"1032\">\n<p data-start=\"1012\" data-end=\"1032\">S\u00e9lection manuelle<\/p>\n<\/li>\n<li data-section-id=\"12xkve8\" data-start=\"1033\" data-end=\"1043\">\n<p data-start=\"1035\" data-end=\"1043\">Lavage<\/p>\n<\/li>\n<li data-section-id=\"1mtzw8f\" data-start=\"1044\" data-end=\"1064\">\n<p data-start=\"1046\" data-end=\"1064\">S\u00e9chage contr\u00f4l\u00e9<\/p>\n<\/li>\n<li data-section-id=\"1odbm3j\" data-start=\"1065\" data-end=\"1113\">\n<p data-start=\"1067\" data-end=\"1113\">Torr\u00e9faction douce \u00e0 85\u00b0C pendant 20 minutes<\/p>\n<\/li>\n<li data-section-id=\"1k0djqx\" data-start=\"1114\" data-end=\"1142\">\n<p data-start=\"1116\" data-end=\"1142\">Phase de refroidissement<\/p>\n<\/li>\n<li data-section-id=\"14qcl2y\" data-start=\"1143\" data-end=\"1172\">\n<p data-start=\"1145\" data-end=\"1172\">S\u00e9lection manuelle finale<\/p>\n<\/li>\n<li data-section-id=\"1sbculx\" data-start=\"1173\" data-end=\"1193\">\n<p data-start=\"1175\" data-end=\"1193\">Emballage soign\u00e9<\/p>\n<\/li>\n<\/ul>\n<p data-start=\"1195\" data-end=\"1239\">Tout au long du processus, nous effectuons :<\/p>\n<ul data-start=\"1241\" data-end=\"1291\">\n<li data-section-id=\"v35akz\" data-start=\"1241\" data-end=\"1266\">\n<p data-start=\"1243\" data-end=\"1266\">Des contr\u00f4les visuels<\/p>\n<\/li>\n<li data-section-id=\"12b3jju\" data-start=\"1267\" data-end=\"1291\">\n<p data-start=\"1269\" data-end=\"1291\">Des tests de fermet\u00e9<\/p>\n<\/li>\n<\/ul>\n<p data-start=\"1293\" data-end=\"1332\">afin de garantir une qualit\u00e9 constante.<\/p>\n<hr data-start=\"1334\" data-end=\"1337\" \/>\n<h2 data-section-id=\"1gf6uf3\" data-start=\"1339\" data-end=\"1387\">Engagement en mati\u00e8re de s\u00e9curit\u00e9 alimentaire<\/h2>\n<p data-start=\"1389\" data-end=\"1608\">Notre manipulation et notre transformation respectent des normes d\u2019hygi\u00e8ne document\u00e9es ainsi que les principes HACCP, afin d\u2019assurer une manipulation alimentaire s\u00fbre tout en pr\u00e9servant l\u2019int\u00e9grit\u00e9 naturelle du produit.<\/p>\n<p data-start=\"1610\" data-end=\"1708\">Nous pensons que de l\u00e9g\u00e8res variations naturelles sont un signe d\u2019authenticit\u00e9 \u2014 et non un d\u00e9faut.<\/p>\n","protected":false},"excerpt":{"rendered":"<div style=\"display: inline-block; background: #9c7a4b; color: white; padding: 6px 12px; font-size: 13px; font-weight: bold; border-radius: 20px; margin-bottom: 10px;\">Meilleur rapport qualit\u00e9-prix<\/div>\n<p data-start=\"172\" data-end=\"370\"><strong data-start=\"172\" data-end=\"263\">Gousses de caroube enti\u00e8res r\u00e9colt\u00e9es naturellement et l\u00e9g\u00e8rement torr\u00e9fi\u00e9es, issues de notre Quinta en Algarve.<\/strong><br data-start=\"263\" data-end=\"266\" \/>Ce lot comprend 2 \u00d7 750 g de gousses de caroube torr\u00e9fi\u00e9es l\u00e9g\u00e8rement de qualit\u00e9 sup\u00e9rieure \u2013 parfait pour une utilisation r\u00e9guli\u00e8re ou pour les familles.<\/p>\n<ul>\n<li data-start=\"372\" data-end=\"585\">2 \u00d7 750 g de gousses de caroube enti\u00e8res (1,5 kg au total)<\/li>\n<li data-start=\"372\" data-end=\"585\">R\u00e9colt\u00e9es \u00e0 la main dans notre ferme au Portugal<\/li>\n<li data-start=\"372\" data-end=\"585\">Torr\u00e9fi\u00e9es l\u00e9g\u00e8rement \u00e0 80\u201385 \u00b0C pour pr\u00e9server la douceur naturelle<\/li>\n<li data-start=\"372\" data-end=\"585\">Qualit\u00e9 soigneusement s\u00e9lectionn\u00e9e<\/li>\n<li data-start=\"372\" data-end=\"585\">Aucun additif. Aucun conservateur.<\/li>\n<li data-start=\"372\" data-end=\"585\">Production fermi\u00e8re en petits lots<\/li>\n<li data-start=\"372\" data-end=\"585\">\n<p data-section-id=\"1p9vgcr\" data-start=\"133\" data-end=\"216\">Produit naturel non trait\u00e9 \u2013 de l\u00e9g\u00e8res variations naturelles peuvent appara\u00eetre<\/p>\n<\/li>\n<\/ul>\n<p data-start=\"587\" data-end=\"691\">Exp\u00e9di\u00e9 sous 1 \u00e0 2 jours ouvrables depuis le Portugal.<br data-start=\"632\" data-end=\"635\" \/>Tous les prix incluent la TVA. Tarifs de livraison UE transparents.<\/p>\n<p data-start=\"693\" data-end=\"728\"><a href=\"https:\/\/rusticalgarve.eu\/fr\/livraison-retours\/\">Consultez tous les d\u00e9tails de livraison ici.<\/a><\/p>\n","protected":false},"featured_media":649,"comment_status":"open","ping_status":"closed","template":"","meta":{"site-sidebar-layout":"default","site-content-layout":"","ast-site-content-layout":"default","site-content-style":"default","site-sidebar-style":"default","ast-global-header-display":"","ast-banner-title-visibility":"","ast-main-header-display":"","ast-hfb-above-header-display":"","ast-hfb-below-header-display":"","ast-hfb-mobile-header-display":"","site-post-title":"","ast-breadcrumbs-content":"","ast-featured-img":"","footer-sml-layout":"","ast-disable-related-posts":"","theme-transparent-header-meta":"default","adv-header-id-meta":"","stick-header-meta":"","header-above-stick-meta":"","header-main-stick-meta":"","header-below-stick-meta":"","astra-migrate-meta-layouts":"set","ast-page-background-enabled":"default","ast-page-background-meta":{"desktop":{"background-color":"var(--ast-global-color-5)","background-image":"","background-repeat":"repeat","background-position":"center center","background-size":"auto","background-attachment":"scroll","background-type":"","background-media":"","overlay-type":"","overlay-color":"","overlay-opacity":"","overlay-gradient":""},"tablet":{"background-color":"","background-image":"","background-repeat":"repeat","background-position":"center center","background-size":"auto","background-attachment":"scroll","background-type":"","background-media":"","overlay-type":"","overlay-color":"","overlay-opacity":"","overlay-gradient":""},"mobile":{"background-color":"","background-image":"","background-repeat":"repeat","background-position":"center center","background-size":"auto","background-attachment":"scroll","background-type":"","background-media":"","overlay-type":"","overlay-color":"","overlay-opacity":"","overlay-gradient":""}},"ast-content-background-meta":{"desktop":{"background-color":"var(--ast-global-color-4)","background-image":"","background-repeat":"repeat","background-position":"center center","background-size":"auto","background-attachment":"scroll","background-type":"","background-media":"","overlay-type":"","overlay-color":"","overlay-opacity":"","overlay-gradient":""},"tablet":{"background-color":"var(--ast-global-color-4)","background-image":"","background-repeat":"repeat","background-position":"center center","background-size":"auto","background-attachment":"scroll","background-type":"","background-media":"","overlay-type":"","overlay-color":"","overlay-opacity":"","overlay-gradient":""},"mobile":{"background-color":"var(--ast-global-color-4)","background-image":"","background-repeat":"repeat","background-position":"center center","background-size":"auto","background-attachment":"scroll","background-type":"","background-media":"","overlay-type":"","overlay-color":"","overlay-opacity":"","overlay-gradient":""}}},"product_brand":[],"product_cat":[60],"product_tag":[],"class_list":{"0":"post-648","1":"product","2":"type-product","3":"status-publish","4":"has-post-thumbnail","6":"product_cat-gousses-de-caroube-entieres","7":"product_shipping_class-1-2-kg","8":"desktop-align-left","9":"tablet-align-left","10":"mobile-align-left","12":"first","13":"instock","14":"taxable","15":"shipping-taxable","16":"purchasable","17":"product-type-simple"},"_links":{"self":[{"href":"https:\/\/rusticalgarve.eu\/fr\/wp-json\/wp\/v2\/product\/648","targetHints":{"allow":["GET"]}}],"collection":[{"href":"https:\/\/rusticalgarve.eu\/fr\/wp-json\/wp\/v2\/product"}],"about":[{"href":"https:\/\/rusticalgarve.eu\/fr\/wp-json\/wp\/v2\/types\/product"}],"replies":[{"embeddable":true,"href":"https:\/\/rusticalgarve.eu\/fr\/wp-json\/wp\/v2\/comments?post=648"}],"wp:featuredmedia":[{"embeddable":true,"href":"https:\/\/rusticalgarve.eu\/fr\/wp-json\/wp\/v2\/media\/649"}],"wp:attachment":[{"href":"https:\/\/rusticalgarve.eu\/fr\/wp-json\/wp\/v2\/media?parent=648"}],"wp:term":[{"taxonomy":"product_brand","embeddable":true,"href":"https:\/\/rusticalgarve.eu\/fr\/wp-json\/wp\/v2\/product_brand?post=648"},{"taxonomy":"product_cat","embeddable":true,"href":"https:\/\/rusticalgarve.eu\/fr\/wp-json\/wp\/v2\/product_cat?post=648"},{"taxonomy":"product_tag","embeddable":true,"href":"https:\/\/rusticalgarve.eu\/fr\/wp-json\/wp\/v2\/product_tag?post=648"}],"curies":[{"name":"wp","href":"https:\/\/api.w.org\/{rel}","templated":true}]}}