{"id":652,"date":"2026-02-24T11:46:21","date_gmt":"2026-02-24T11:46:21","guid":{"rendered":"https:\/\/rusticalgarve.eu\/product\/gousses-de-caroube-entieres-750-g\/"},"modified":"2026-03-14T14:10:24","modified_gmt":"2026-03-14T14:10:24","slug":"gousses-de-caroube-entieres-750-g","status":"publish","type":"product","link":"https:\/\/rusticalgarve.eu\/fr\/product\/gousses-de-caroube-entieres-750-g\/","title":{"rendered":"Gousses de caroube enti\u00e8res \u2013 750 g (torr\u00e9faction l\u00e9g\u00e8re)"},"content":{"rendered":"<p>Soigneusement r\u00e9colt\u00e9es \u00e0 la main et d\u00e9licatement pr\u00e9par\u00e9es dans notre Quinta en Algarve, nos gousses de caroube enti\u00e8res restent fid\u00e8les \u00e0 leur caract\u00e8re naturel.<\/p>\n<p>Chaque lot est lav\u00e9, s\u00e9lectionn\u00e9 \u00e0 la main et l\u00e9g\u00e8rement torr\u00e9fi\u00e9 \u00e0 basse temp\u00e9rature (80\u201385 \u00b0C pendant environ 20 minutes) pour sublimer sa douceur naturelle sans la masquer. Apr\u00e8s refroidissement, chaque gousse est inspect\u00e9e une nouvelle fois avant d\u2019\u00eatre emball\u00e9e dans des sachets de 750 g.<\/p>\n<h2>Gousses de caroube enti\u00e8res : notre proc\u00e9d\u00e9 est simple et authentique<\/h2>\n<ul>\n<li>R\u00e9colt\u00e9es \u00e0 la main<\/li>\n<li>D\u00e9licatement lav\u00e9es et s\u00e9lectionn\u00e9es<\/li>\n<li>L\u00e9g\u00e8rement torr\u00e9fi\u00e9es \u00e0 basse temp\u00e9rature<\/li>\n<li>Refroidies et inspect\u00e9es avec soin<\/li>\n<li>Emball\u00e9es directement sur notre Quinta<\/li>\n<li>Sans additifs<\/li>\n<li>Sans conservateurs<\/li>\n<\/ul>\n<p>La caroube est pris\u00e9e depuis des si\u00e8cles dans les r\u00e9gions m\u00e9diterran\u00e9ennes. Son go\u00fbt naturellement sucr\u00e9 la rend id\u00e9ale comme en-cas, pour des infusions ou comme ingr\u00e9dient traditionnel de la cuisine naturelle.<\/p>\n<p><strong>Simple. Authentique. Naturellement doux.<br \/>\n<\/strong><\/p>\n<p>Ce produit est pr\u00e9par\u00e9 directement sur notre Quinta, dans le sud du Portugal. Apprenez-en plus <a href=\"https:\/\/rusticalgarve.eu\/fr\/a-propos-de-rustic-algarve\/\">sur Rustic Algarve<\/a> et notre approche de la production traditionnelle de caroube.<\/p>\n<h2 data-section-id=\"174y3ak\" data-start=\"223\" data-end=\"270\">\ud83c\udf3f Notre processus &amp; notre qualit\u00e9 naturelle<\/h2>\n<p data-start=\"272\" data-end=\"377\">Nos gousses de caroube sont r\u00e9colt\u00e9es \u00e0 la main au Portugal et soigneusement transform\u00e9es en petits lots.<\/p>\n<p data-start=\"379\" data-end=\"438\">Contrairement aux produits industriels, notre caroube est :<\/p>\n<ul data-start=\"440\" data-end=\"519\">\n<li data-section-id=\"m9yhl0\" data-start=\"440\" data-end=\"459\">\n<p data-start=\"442\" data-end=\"459\">sans pesticides<\/p>\n<\/li>\n<li data-section-id=\"dt0nk4\" data-start=\"460\" data-end=\"488\">\n<p data-start=\"462\" data-end=\"488\">non trait\u00e9e chimiquement<\/p>\n<\/li>\n<li data-section-id=\"n81a9t\" data-start=\"489\" data-end=\"519\">\n<p data-start=\"491\" data-end=\"519\">non polie artificiellement<\/p>\n<\/li>\n<\/ul>\n<p data-start=\"521\" data-end=\"621\">Comme il s\u2019agit d\u2019un v\u00e9ritable produit agricole naturel, des variations naturelles peuvent survenir.<\/p>\n<p data-start=\"623\" data-end=\"892\">Il peut arriver que vous remarquiez de petites marques superficielles ou de l\u00e9g\u00e8res imperfections internes apparues pendant la phase de croissance.<br data-start=\"770\" data-end=\"773\" \/>Ces caract\u00e9ristiques font naturellement partie d\u2019un produit non trait\u00e9 et n\u2019affectent ni sa qualit\u00e9 ni son utilisation.<\/p>\n<hr data-start=\"894\" data-end=\"897\" \/>\n<h2 data-section-id=\"11iqygu\" data-start=\"899\" data-end=\"939\">Nos \u00e9tapes de transformation soign\u00e9es<\/h2>\n<p data-start=\"941\" data-end=\"987\">Chaque lot suit un processus manuel contr\u00f4l\u00e9 :<\/p>\n<ul data-start=\"989\" data-end=\"1193\">\n<li data-section-id=\"18x33v9\" data-start=\"989\" data-end=\"1009\">\n<p data-start=\"991\" data-end=\"1009\">R\u00e9colte manuelle<\/p>\n<\/li>\n<li data-section-id=\"927777\" data-start=\"1010\" data-end=\"1032\">\n<p data-start=\"1012\" data-end=\"1032\">S\u00e9lection manuelle<\/p>\n<\/li>\n<li data-section-id=\"12xkve8\" data-start=\"1033\" data-end=\"1043\">\n<p data-start=\"1035\" data-end=\"1043\">Lavage<\/p>\n<\/li>\n<li data-section-id=\"1mtzw8f\" data-start=\"1044\" data-end=\"1064\">\n<p data-start=\"1046\" data-end=\"1064\">S\u00e9chage contr\u00f4l\u00e9<\/p>\n<\/li>\n<li data-section-id=\"1odbm3j\" data-start=\"1065\" data-end=\"1113\">\n<p data-start=\"1067\" data-end=\"1113\">Torr\u00e9faction douce \u00e0 85\u00b0C pendant 20 minutes<\/p>\n<\/li>\n<li data-section-id=\"1k0djqx\" data-start=\"1114\" data-end=\"1142\">\n<p data-start=\"1116\" data-end=\"1142\">Phase de refroidissement<\/p>\n<\/li>\n<li data-section-id=\"14qcl2y\" data-start=\"1143\" data-end=\"1172\">\n<p data-start=\"1145\" data-end=\"1172\">S\u00e9lection manuelle finale<\/p>\n<\/li>\n<li data-section-id=\"1sbculx\" data-start=\"1173\" data-end=\"1193\">\n<p data-start=\"1175\" data-end=\"1193\">Emballage soign\u00e9<\/p>\n<\/li>\n<\/ul>\n<p data-start=\"1195\" data-end=\"1239\">Tout au long du processus, nous effectuons :<\/p>\n<ul data-start=\"1241\" data-end=\"1291\">\n<li data-section-id=\"v35akz\" data-start=\"1241\" data-end=\"1266\">\n<p data-start=\"1243\" data-end=\"1266\">Des contr\u00f4les visuels<\/p>\n<\/li>\n<li data-section-id=\"12b3jju\" data-start=\"1267\" data-end=\"1291\">\n<p data-start=\"1269\" data-end=\"1291\">Des tests de fermet\u00e9<\/p>\n<\/li>\n<\/ul>\n<p data-start=\"1293\" data-end=\"1332\">afin de garantir une qualit\u00e9 constante.<\/p>\n<hr data-start=\"1334\" data-end=\"1337\" \/>\n<h2 data-section-id=\"1gf6uf3\" data-start=\"1339\" data-end=\"1387\">Engagement en mati\u00e8re de s\u00e9curit\u00e9 alimentaire<\/h2>\n<p data-start=\"1389\" data-end=\"1608\">Notre manipulation et notre transformation respectent des normes d\u2019hygi\u00e8ne document\u00e9es ainsi que les principes HACCP, afin d\u2019assurer une manipulation alimentaire s\u00fbre tout en pr\u00e9servant l\u2019int\u00e9grit\u00e9 naturelle du produit.<\/p>\n<p data-start=\"1610\" data-end=\"1708\">Nous pensons que de l\u00e9g\u00e8res variations naturelles sont un signe d\u2019authenticit\u00e9 \u2014 et non un d\u00e9faut.<\/p>\n","protected":false},"excerpt":{"rendered":"<div style=\"display: inline-block; background: #6c7a59; color: white; padding: 6px 12px; font-size: 13px; font-weight: bold; border-radius: 20px; margin-bottom: 10px;\">Choix d\u00e9couverte<\/div>\n<p data-start=\"206\" data-end=\"377\"><strong data-start=\"206\" data-end=\"288\">Gousses de caroube enti\u00e8res l\u00e9g\u00e8rement torr\u00e9fi\u00e9es, r\u00e9colt\u00e9es \u00e0 la main dans notre Quinta en Algarve.<\/strong><\/p>\n<p data-start=\"206\" data-end=\"377\">Pr\u00e9par\u00e9es d\u00e9licatement \u00e0 basse temp\u00e9rature pour pr\u00e9server leur douceur naturelle et leur caract\u00e8re.<\/p>\n<ul>\n<li data-start=\"379\" data-end=\"607\">750 g de gousses de caroube enti\u00e8res (l\u00e9g\u00e8rement torr\u00e9fi\u00e9es)<\/li>\n<li data-start=\"379\" data-end=\"607\">Emball\u00e9 \u00e0 la main directement dans notre ferme au Portugal<\/li>\n<li data-start=\"379\" data-end=\"607\">Aucun additif. Aucun conservateur. Simplement de la caroube pure.<\/li>\n<li data-start=\"379\" data-end=\"607\">Naturellement sucr\u00e9 &amp; riche en fibres<\/li>\n<li data-start=\"379\" data-end=\"607\">Parfait pour les infusions, \u00e0 moudre ou pour des recettes saines<\/li>\n<li data-start=\"372\" data-end=\"585\">Production fermi\u00e8re en petites quantit\u00e9s<\/li>\n<li data-start=\"372\" data-end=\"585\">\n<p data-section-id=\"1p9vgcr\" data-start=\"133\" data-end=\"216\">Produit naturel non trait\u00e9 \u2013 de l\u00e9g\u00e8res variations naturelles peuvent appara\u00eetre<\/p>\n<\/li>\n<\/ul>\n<p data-start=\"609\" data-end=\"713\">Exp\u00e9di\u00e9 sous 1 \u00e0 2 jours ouvrables depuis le Portugal.<br data-start=\"654\" data-end=\"657\" \/>Tous les prix incluent la TVA. Tarifs d\u2019exp\u00e9dition transparents pour l\u2019UE.<\/p>\n<p data-start=\"715\" data-end=\"750\"><a href=\"https:\/\/rusticalgarve.eu\/fr\/livraison-retours\/\">Consultez les d\u00e9tails complets de la livraison ici<\/a>.<\/p>\n","protected":false},"featured_media":654,"comment_status":"open","ping_status":"closed","template":"","meta":{"site-sidebar-layout":"default","site-content-layout":"","ast-site-content-layout":"default","site-content-style":"default","site-sidebar-style":"default","ast-global-header-display":"","ast-banner-title-visibility":"","ast-main-header-display":"","ast-hfb-above-header-display":"","ast-hfb-below-header-display":"","ast-hfb-mobile-header-display":"","site-post-title":"","ast-breadcrumbs-content":"","ast-featured-img":"","footer-sml-layout":"","ast-disable-related-posts":"","theme-transparent-header-meta":"default","adv-header-id-meta":"","stick-header-meta":"","header-above-stick-meta":"","header-main-stick-meta":"","header-below-stick-meta":"","astra-migrate-meta-layouts":"set","ast-page-background-enabled":"default","ast-page-background-meta":{"desktop":{"background-color":"var(--ast-global-color-5)","background-image":"","background-repeat":"repeat","background-position":"center center","background-size":"auto","background-attachment":"scroll","background-type":"","background-media":"","overlay-type":"","overlay-color":"","overlay-opacity":"","overlay-gradient":""},"tablet":{"background-color":"","background-image":"","background-repeat":"repeat","background-position":"center center","background-size":"auto","background-attachment":"scroll","background-type":"","background-media":"","overlay-type":"","overlay-color":"","overlay-opacity":"","overlay-gradient":""},"mobile":{"background-color":"","background-image":"","background-repeat":"repeat","background-position":"center center","background-size":"auto","background-attachment":"scroll","background-type":"","background-media":"","overlay-type":"","overlay-color":"","overlay-opacity":"","overlay-gradient":""}},"ast-content-background-meta":{"desktop":{"background-color":"var(--ast-global-color-4)","background-image":"","background-repeat":"repeat","background-position":"center center","background-size":"auto","background-attachment":"scroll","background-type":"","background-media":"","overlay-type":"","overlay-color":"","overlay-opacity":"","overlay-gradient":""},"tablet":{"background-color":"var(--ast-global-color-4)","background-image":"","background-repeat":"repeat","background-position":"center center","background-size":"auto","background-attachment":"scroll","background-type":"","background-media":"","overlay-type":"","overlay-color":"","overlay-opacity":"","overlay-gradient":""},"mobile":{"background-color":"var(--ast-global-color-4)","background-image":"","background-repeat":"repeat","background-position":"center center","background-size":"auto","background-attachment":"scroll","background-type":"","background-media":"","overlay-type":"","overlay-color":"","overlay-opacity":"","overlay-gradient":""}}},"product_brand":[],"product_cat":[60],"product_tag":[],"class_list":{"0":"post-652","1":"product","2":"type-product","3":"status-publish","4":"has-post-thumbnail","6":"product_cat-gousses-de-caroube-entieres","7":"product_shipping_class-0-1-kg","8":"desktop-align-left","9":"tablet-align-left","10":"mobile-align-left","12":"first","13":"instock","14":"taxable","15":"shipping-taxable","16":"purchasable","17":"product-type-simple"},"_links":{"self":[{"href":"https:\/\/rusticalgarve.eu\/fr\/wp-json\/wp\/v2\/product\/652","targetHints":{"allow":["GET"]}}],"collection":[{"href":"https:\/\/rusticalgarve.eu\/fr\/wp-json\/wp\/v2\/product"}],"about":[{"href":"https:\/\/rusticalgarve.eu\/fr\/wp-json\/wp\/v2\/types\/product"}],"replies":[{"embeddable":true,"href":"https:\/\/rusticalgarve.eu\/fr\/wp-json\/wp\/v2\/comments?post=652"}],"wp:featuredmedia":[{"embeddable":true,"href":"https:\/\/rusticalgarve.eu\/fr\/wp-json\/wp\/v2\/media\/654"}],"wp:attachment":[{"href":"https:\/\/rusticalgarve.eu\/fr\/wp-json\/wp\/v2\/media?parent=652"}],"wp:term":[{"taxonomy":"product_brand","embeddable":true,"href":"https:\/\/rusticalgarve.eu\/fr\/wp-json\/wp\/v2\/product_brand?post=652"},{"taxonomy":"product_cat","embeddable":true,"href":"https:\/\/rusticalgarve.eu\/fr\/wp-json\/wp\/v2\/product_cat?post=652"},{"taxonomy":"product_tag","embeddable":true,"href":"https:\/\/rusticalgarve.eu\/fr\/wp-json\/wp\/v2\/product_tag?post=652"}],"curies":[{"name":"wp","href":"https:\/\/api.w.org\/{rel}","templated":true}]}}