{"id":484,"date":"2026-02-24T10:42:29","date_gmt":"2026-02-24T10:42:29","guid":{"rendered":"https:\/\/rusticalgarve.eu\/aviso-legal\/"},"modified":"2026-03-11T00:44:43","modified_gmt":"2026-03-11T00:44:43","slug":"aviso-legal","status":"publish","type":"page","link":"https:\/\/rusticalgarve.eu\/pt-pt\/aviso-legal\/","title":{"rendered":"Aviso legal"},"content":{"rendered":"\n<p>Aviso legal<\/p>\n\n<p>Nome da Empresa: Artem Maliuzenko<\/p>\n\n<p>Forma jur\u00eddica: Empres\u00e1rio em Nome Individual<\/p>\n\n<p>Sede:<br\/>Quinta da Figueirinha<br\/>8300-028 Silves<br\/>Portugal<\/p>\n\n<p>N\u00famero de Identifica\u00e7\u00e3o Fiscal (NIF): 318389363<\/p>\n\n<p>Informa\u00e7\u00f5es de contacto:<br\/>E-mail: info@rusticalgarve.eu<br\/>Telefone: +351 916381796<\/p>\n\n<p>Respons\u00e1vel pelo conte\u00fado do s\u00edtio Web:<br\/>Artem Maliuzenko<\/p>\n\n<p>Resolu\u00e7\u00e3o de Lit\u00edgios em Linha da UE (RLL)<\/p>\n\n<p>A Comiss\u00e3o Europeia disponibiliza uma plataforma para a resolu\u00e7\u00e3o de lit\u00edgios em linha (RLL):<br\/>https:\/\/ec.europa.eu\/consumers\/odr\/<\/p>\n\n<p>Os consumidores podem utilizar esta plataforma para a resolu\u00e7\u00e3o de lit\u00edgios.<\/p>\n\n<p>N\u00e3o estamos obrigados nem dispostos a participar em processos de resolu\u00e7\u00e3o de lit\u00edgios perante uma entidade de arbitragem de consumo.<\/p>\n","protected":false},"excerpt":{"rendered":"<p>Aviso legal Nome da Empresa: Artem Maliuzenko Forma jur\u00eddica: Empres\u00e1rio em Nome Individual Sede:Quinta da Figueirinha8300-028 SilvesPortugal N\u00famero de Identifica\u00e7\u00e3o [&hellip;]<\/p>\n","protected":false},"author":1,"featured_media":0,"parent":0,"menu_order":0,"comment_status":"closed","ping_status":"closed","template":"","meta":{"site-sidebar-layout":"default","site-content-layout":"","ast-site-content-layout":"default","site-content-style":"default","site-sidebar-style":"default","ast-global-header-display":"","ast-banner-title-visibility":"","ast-main-header-display":"","ast-hfb-above-header-display":"","ast-hfb-below-header-display":"","ast-hfb-mobile-header-display":"","site-post-title":"","ast-breadcrumbs-content":"","ast-featured-img":"","footer-sml-layout":"","ast-disable-related-posts":"","theme-transparent-header-meta":"","adv-header-id-meta":"","stick-header-meta":"","header-above-stick-meta":"","header-main-stick-meta":"","header-below-stick-meta":"","astra-migrate-meta-layouts":"default","ast-page-background-enabled":"default","ast-page-background-meta":{"desktop":{"background-color":"var(--ast-global-color-5)","background-image":"","background-repeat":"repeat","background-position":"center center","background-size":"auto","background-attachment":"scroll","background-type":"","background-media":"","overlay-type":"","overlay-color":"","overlay-opacity":"","overlay-gradient":""},"tablet":{"background-color":"","background-image":"","background-repeat":"repeat","background-position":"center center","background-size":"auto","background-attachment":"scroll","background-type":"","background-media":"","overlay-type":"","overlay-color":"","overlay-opacity":"","overlay-gradient":""},"mobile":{"background-color":"","background-image":"","background-repeat":"repeat","background-position":"center center","background-size":"auto","background-attachment":"scroll","background-type":"","background-media":"","overlay-type":"","overlay-color":"","overlay-opacity":"","overlay-gradient":""}},"ast-content-background-meta":{"desktop":{"background-color":"var(--ast-global-color-4)","background-image":"","background-repeat":"repeat","background-position":"center center","background-size":"auto","background-attachment":"scroll","background-type":"","background-media":"","overlay-type":"","overlay-color":"","overlay-opacity":"","overlay-gradient":""},"tablet":{"background-color":"var(--ast-global-color-4)","background-image":"","background-repeat":"repeat","background-position":"center center","background-size":"auto","background-attachment":"scroll","background-type":"","background-media":"","overlay-type":"","overlay-color":"","overlay-opacity":"","overlay-gradient":""},"mobile":{"background-color":"var(--ast-global-color-4)","background-image":"","background-repeat":"repeat","background-position":"center center","background-size":"auto","background-attachment":"scroll","background-type":"","background-media":"","overlay-type":"","overlay-color":"","overlay-opacity":"","overlay-gradient":""}},"footnotes":""},"class_list":["post-484","page","type-page","status-publish","hentry"],"_links":{"self":[{"href":"https:\/\/rusticalgarve.eu\/pt-pt\/wp-json\/wp\/v2\/pages\/484","targetHints":{"allow":["GET"]}}],"collection":[{"href":"https:\/\/rusticalgarve.eu\/pt-pt\/wp-json\/wp\/v2\/pages"}],"about":[{"href":"https:\/\/rusticalgarve.eu\/pt-pt\/wp-json\/wp\/v2\/types\/page"}],"author":[{"embeddable":true,"href":"https:\/\/rusticalgarve.eu\/pt-pt\/wp-json\/wp\/v2\/users\/1"}],"replies":[{"embeddable":true,"href":"https:\/\/rusticalgarve.eu\/pt-pt\/wp-json\/wp\/v2\/comments?post=484"}],"version-history":[{"count":2,"href":"https:\/\/rusticalgarve.eu\/pt-pt\/wp-json\/wp\/v2\/pages\/484\/revisions"}],"predecessor-version":[{"id":754,"href":"https:\/\/rusticalgarve.eu\/pt-pt\/wp-json\/wp\/v2\/pages\/484\/revisions\/754"}],"wp:attachment":[{"href":"https:\/\/rusticalgarve.eu\/pt-pt\/wp-json\/wp\/v2\/media?parent=484"}],"curies":[{"name":"wp","href":"https:\/\/api.w.org\/{rel}","templated":true}]}}