{"id":714,"date":"2026-03-09T16:32:18","date_gmt":"2026-03-09T16:32:18","guid":{"rendered":"https:\/\/rusticalgarve.eu\/cartas-da-nossa-quinta\/"},"modified":"2026-03-09T19:50:15","modified_gmt":"2026-03-09T19:50:15","slug":"cartas-da-nossa-quinta","status":"publish","type":"page","link":"https:\/\/rusticalgarve.eu\/pt-pt\/cartas-da-nossa-quinta\/","title":{"rendered":"Cartas da nossa Quinta"},"content":{"rendered":"\n<div style=\"height:30px\" aria-hidden=\"true\" class=\"wp-block-spacer\"><\/div>\n\n<p class=\"has-text-align-center\">Uma liga\u00e7\u00e3o tranquila \u00e0 nossa terra no Algarve.<br\/>Notas de colheitas sazonais, receitas tradicionais de alfarroba<br\/>e hist\u00f3rias da vida na Quinta.<\/p>\n\n<p class=\"has-text-align-center\">Escrevemos apenas algumas vezes por ano.<br\/>Sem ru\u00eddo. Sem promo\u00e7\u00f5es. Apenas o que realmente importa.  <\/p>\n\n<hr class=\"wp-block-separator has-text-color has-ast-global-color-3-color has-alpha-channel-opacity has-ast-global-color-3-background-color has-background is-style-wide\"\/>\n\n<div class=\"ml-embedded\" data-form=\"zlyoZC\"><\/div>\n\n<hr class=\"wp-block-separator has-text-color has-ast-global-color-3-color has-alpha-channel-opacity has-ast-global-color-3-background-color has-background is-style-wide\"\/>\n\n<p><\/p>\n","protected":false},"excerpt":{"rendered":"<p>Uma liga\u00e7\u00e3o tranquila \u00e0 nossa terra no Algarve.Notas de colheitas sazonais, receitas tradicionais de alfarrobae hist\u00f3rias da vida na Quinta. [&hellip;]<\/p>\n","protected":false},"author":1,"featured_media":0,"parent":0,"menu_order":0,"comment_status":"closed","ping_status":"closed","template":"","meta":{"site-sidebar-layout":"default","site-content-layout":"","ast-site-content-layout":"default","site-content-style":"default","site-sidebar-style":"default","ast-global-header-display":"","ast-banner-title-visibility":"","ast-main-header-display":"","ast-hfb-above-header-display":"","ast-hfb-below-header-display":"","ast-hfb-mobile-header-display":"","site-post-title":"disabled","ast-breadcrumbs-content":"","ast-featured-img":"","footer-sml-layout":"","ast-disable-related-posts":"","theme-transparent-header-meta":"","adv-header-id-meta":"","stick-header-meta":"","header-above-stick-meta":"","header-main-stick-meta":"","header-below-stick-meta":"","astra-migrate-meta-layouts":"default","ast-page-background-enabled":"default","ast-page-background-meta":{"desktop":{"background-color":"var(--ast-global-color-5)","background-image":"","background-repeat":"repeat","background-position":"center center","background-size":"auto","background-attachment":"scroll","background-type":"","background-media":"","overlay-type":"","overlay-color":"","overlay-opacity":"","overlay-gradient":""},"tablet":{"background-color":"","background-image":"","background-repeat":"repeat","background-position":"center center","background-size":"auto","background-attachment":"scroll","background-type":"","background-media":"","overlay-type":"","overlay-color":"","overlay-opacity":"","overlay-gradient":""},"mobile":{"background-color":"","background-image":"","background-repeat":"repeat","background-position":"center center","background-size":"auto","background-attachment":"scroll","background-type":"","background-media":"","overlay-type":"","overlay-color":"","overlay-opacity":"","overlay-gradient":""}},"ast-content-background-meta":{"desktop":{"background-color":"var(--ast-global-color-4)","background-image":"","background-repeat":"repeat","background-position":"center center","background-size":"auto","background-attachment":"scroll","background-type":"","background-media":"","overlay-type":"","overlay-color":"","overlay-opacity":"","overlay-gradient":""},"tablet":{"background-color":"var(--ast-global-color-4)","background-image":"","background-repeat":"repeat","background-position":"center center","background-size":"auto","background-attachment":"scroll","background-type":"","background-media":"","overlay-type":"","overlay-color":"","overlay-opacity":"","overlay-gradient":""},"mobile":{"background-color":"var(--ast-global-color-4)","background-image":"","background-repeat":"repeat","background-position":"center center","background-size":"auto","background-attachment":"scroll","background-type":"","background-media":"","overlay-type":"","overlay-color":"","overlay-opacity":"","overlay-gradient":""}},"footnotes":""},"class_list":["post-714","page","type-page","status-publish","hentry"],"_links":{"self":[{"href":"https:\/\/rusticalgarve.eu\/pt-pt\/wp-json\/wp\/v2\/pages\/714","targetHints":{"allow":["GET"]}}],"collection":[{"href":"https:\/\/rusticalgarve.eu\/pt-pt\/wp-json\/wp\/v2\/pages"}],"about":[{"href":"https:\/\/rusticalgarve.eu\/pt-pt\/wp-json\/wp\/v2\/types\/page"}],"author":[{"embeddable":true,"href":"https:\/\/rusticalgarve.eu\/pt-pt\/wp-json\/wp\/v2\/users\/1"}],"replies":[{"embeddable":true,"href":"https:\/\/rusticalgarve.eu\/pt-pt\/wp-json\/wp\/v2\/comments?post=714"}],"version-history":[{"count":1,"href":"https:\/\/rusticalgarve.eu\/pt-pt\/wp-json\/wp\/v2\/pages\/714\/revisions"}],"predecessor-version":[{"id":715,"href":"https:\/\/rusticalgarve.eu\/pt-pt\/wp-json\/wp\/v2\/pages\/714\/revisions\/715"}],"wp:attachment":[{"href":"https:\/\/rusticalgarve.eu\/pt-pt\/wp-json\/wp\/v2\/media?parent=714"}],"curies":[{"name":"wp","href":"https:\/\/api.w.org\/{rel}","templated":true}]}}