{"id":640,"date":"2026-02-27T10:02:45","date_gmt":"2026-02-27T10:02:45","guid":{"rendered":"https:\/\/rusticalgarve.eu\/product\/alfarrobas-inteiras-pack-de-2-x-750g-tostadas-suaves\/"},"modified":"2026-03-12T11:52:03","modified_gmt":"2026-03-12T11:52:03","slug":"alfarrobas-inteiras-pack-de-2-x-750g-tostadas-suaves","status":"publish","type":"product","link":"https:\/\/rusticalgarve.eu\/pt-pt\/product\/alfarrobas-inteiras-pack-de-2-x-750g-tostadas-suaves\/","title":{"rendered":"Alfarrobas Inteiras \u2013 Pack de 2 x 750g (Tostadas Suaves)"},"content":{"rendered":"<h2 data-start=\"1086\" data-end=\"1128\">Alfarrobas Inteiras 2 x 750g \u2013 Pack Duplo para Consumo Regular<\/h2>\n<p data-start=\"1130\" data-end=\"1262\">O nosso pack duplo de Alfarrobas Inteiras 2 x 750g cont\u00e9m duas embalagens de tamanho completo de alfarrobas inteiras levemente torradas, colhidas \u00e0 m\u00e3o diretamente da nossa Quinta no Algarve.<\/p>\n<p data-start=\"1264\" data-end=\"1519\">Cada vagem \u00e9 selecionada \u00e0 m\u00e3o e tostada suavemente a 80\u201385\u00b0C durante aproximadamente 20 minutos para real\u00e7ar a sua do\u00e7ura natural preservando o seu car\u00e1cter. Ap\u00f3s a tosta, as vagens s\u00e3o arrefecidas e cuidadosamente selecionadas novamente antes de serem embaladas em saquetas ressel\u00e1veis.<\/p>\n<p data-start=\"1521\" data-end=\"1551\"><strong>Este pack duplo \u00e9 ideal para:<\/strong><\/p>\n<ul>\n<li data-start=\"1553\" data-end=\"1667\">Consumo regular<\/li>\n<li data-start=\"1553\" data-end=\"1667\">Fam\u00edlias<\/li>\n<li data-start=\"1553\" data-end=\"1667\">Entusiastas de nutri\u00e7\u00e3o desportiva<\/li>\n<li data-start=\"1553\" data-end=\"1667\">Armazenamento a longo prazo<\/li>\n<li data-start=\"1553\" data-end=\"1667\">Partilhar ou oferecer<\/li>\n<\/ul>\n<p data-start=\"1669\" data-end=\"1778\">A nossa alfarroba cresce naturalmente sob o sol portugu\u00eas e \u00e9 processada em pequenos lotes com cuidado e aten\u00e7\u00e3o.<\/p>\n<h3 data-start=\"1780\" data-end=\"1799\">Detalhes do Produto<\/h3>\n<ul>\n<li data-start=\"1801\" data-end=\"1919\">2 \u00d7 embalagens de 750 g<\/li>\n<li data-start=\"1801\" data-end=\"1919\">Peso total: 1,5 kg<\/li>\n<li data-start=\"1801\" data-end=\"1919\">Torrado em lume brando<\/li>\n<li data-start=\"1801\" data-end=\"1919\">Vagens inteiras<\/li>\n<li data-start=\"1801\" data-end=\"1919\">Sem aditivos<\/li>\n<li data-start=\"1801\" data-end=\"1919\">Embalado em Portugal<\/li>\n<li data-start=\"1801\" data-end=\"1919\">Conservar em local fresco e seco.<\/li>\n<\/ul>\n<p data-start=\"1801\" data-end=\"1919\">O nosso pack duplo reflete o mesmo processamento em pequenos lotes e a prepara\u00e7\u00e3o cuidada praticada na nossa Quinta. Poder\u00e1 saber mais sobre a nossa filosofia e produ\u00e7\u00e3o na nossa p\u00e1gina <a href=\"https:\/\/rusticalgarve.eu\/pt-pt\/sobre-a-rustic-algarve\/\">Sobre a Rustic Algarve<\/a>.<\/p>\n<h2 data-section-id=\"1z0sbao\" data-start=\"222\" data-end=\"264\">\ud83c\udf3f O Nosso Processo &amp; Qualidade Natural<\/h2>\n<p data-start=\"266\" data-end=\"380\">As nossas vagens de alfarroba s\u00e3o colhidas manualmente em Portugal e cuidadosamente processadas em pequenos lotes.<\/p>\n<p data-start=\"382\" data-end=\"441\">Ao contr\u00e1rio dos produtos industriais, a nossa alfarroba \u00e9:<\/p>\n<ul data-start=\"443\" data-end=\"526\">\n<li data-section-id=\"16uhtoq\" data-start=\"443\" data-end=\"466\">\n<p data-start=\"445\" data-end=\"466\">livre de pesticidas<\/p>\n<\/li>\n<li data-section-id=\"1lfo6yp\" data-start=\"467\" data-end=\"495\">\n<p data-start=\"469\" data-end=\"495\">n\u00e3o tratada quimicamente<\/p>\n<\/li>\n<li data-section-id=\"1g829z8\" data-start=\"496\" data-end=\"526\">\n<p data-start=\"498\" data-end=\"526\">n\u00e3o polida artificialmente<\/p>\n<\/li>\n<\/ul>\n<p data-start=\"528\" data-end=\"607\">Por se tratar de um produto agr\u00edcola genu\u00edno, podem ocorrer varia\u00e7\u00f5es naturais.<\/p>\n<p data-start=\"609\" data-end=\"864\">Ocasionalmente, poder\u00e1 notar pequenas marcas superficiais ou ligeiras imperfei\u00e7\u00f5es internas causadas durante a fase de crescimento.<br data-start=\"740\" data-end=\"743\" \/>Estas caracter\u00edsticas fazem parte natural de um produto n\u00e3o tratado e n\u00e3o afetam a qualidade nem a utiliza\u00e7\u00e3o do produto.<\/p>\n<hr data-start=\"866\" data-end=\"869\" \/>\n<h2 data-section-id=\"12opril\" data-start=\"871\" data-end=\"917\">As Nossas Etapas de Processamento Cuidadoso<\/h2>\n<p data-start=\"919\" data-end=\"965\">Cada lote segue um processo manual controlado:<\/p>\n<ul data-start=\"967\" data-end=\"1162\">\n<li data-section-id=\"h9kedf\" data-start=\"967\" data-end=\"986\">\n<p data-start=\"969\" data-end=\"986\">Colheita manual<\/p>\n<\/li>\n<li data-section-id=\"298vom\" data-start=\"987\" data-end=\"1005\">\n<p data-start=\"989\" data-end=\"1005\">Sele\u00e7\u00e3o manual<\/p>\n<\/li>\n<li data-section-id=\"682jz1\" data-start=\"1006\" data-end=\"1017\">\n<p data-start=\"1008\" data-end=\"1017\">Lavagem<\/p>\n<\/li>\n<li data-section-id=\"dwh0fk\" data-start=\"1018\" data-end=\"1040\">\n<p data-start=\"1020\" data-end=\"1040\">Secagem controlada<\/p>\n<\/li>\n<li data-section-id=\"1nfefax\" data-start=\"1041\" data-end=\"1087\">\n<p data-start=\"1043\" data-end=\"1087\">Torrefa\u00e7\u00e3o suave a 85\u00b0C durante 20 minutos<\/p>\n<\/li>\n<li data-section-id=\"vtcco8\" data-start=\"1088\" data-end=\"1113\">\n<p data-start=\"1090\" data-end=\"1113\">Fase de arrefecimento<\/p>\n<\/li>\n<li data-section-id=\"13rj3je\" data-start=\"1114\" data-end=\"1138\">\n<p data-start=\"1116\" data-end=\"1138\">Sele\u00e7\u00e3o manual final<\/p>\n<\/li>\n<li data-section-id=\"gscaxu\" data-start=\"1139\" data-end=\"1162\">\n<p data-start=\"1141\" data-end=\"1162\">Embalagem cuidadosa<\/p>\n<\/li>\n<\/ul>\n<p data-start=\"1164\" data-end=\"1199\">Durante todo o processo realizamos:<\/p>\n<ul data-start=\"1201\" data-end=\"1242\">\n<li data-section-id=\"l46uwm\" data-start=\"1201\" data-end=\"1220\">\n<p data-start=\"1203\" data-end=\"1220\">Inspe\u00e7\u00e3o visual<\/p>\n<\/li>\n<li data-section-id=\"1j84fon\" data-start=\"1221\" data-end=\"1242\">\n<p data-start=\"1223\" data-end=\"1242\">Testes de firmeza<\/p>\n<\/li>\n<\/ul>\n<p data-start=\"1244\" data-end=\"1284\">para garantir uma qualidade consistente.<\/p>\n<hr data-start=\"1286\" data-end=\"1289\" \/>\n<h2 data-section-id=\"113fik8\" data-start=\"1291\" data-end=\"1331\">Compromisso com a Seguran\u00e7a Alimentar<\/h2>\n<p data-start=\"1333\" data-end=\"1530\">O nosso manuseamento e processamento seguem normas de higiene documentadas e princ\u00edpios HACCP, garantindo uma manipula\u00e7\u00e3o segura dos alimentos enquanto preservamos a integridade natural do produto.<\/p>\n<p data-start=\"1532\" data-end=\"1623\">Acreditamos que pequenas varia\u00e7\u00f5es naturais s\u00e3o um sinal de autenticidade \u2014 n\u00e3o um defeito.<\/p>\n","protected":false},"excerpt":{"rendered":"<div style=\"display: inline-block; background: #9c7a4b; color: white; padding: 6px 12px; font-size: 13px; font-weight: bold; border-radius: 20px; margin-bottom: 10px;\">Melhor Valor<\/div>\n<p data-start=\"172\" data-end=\"370\"><strong data-start=\"172\" data-end=\"263\">Vagens de alfarroba inteiras colhidas naturalmente e torradas suavemente da nossa Quinta no Algarve.<\/strong><\/p>\n<p data-start=\"172\" data-end=\"370\">Este pack inclui 2 \u00d7 750 g de vagens de alfarroba premium levemente torradas \u2013 perfeito para uso regular ou fam\u00edlias.<\/p>\n<ul>\n<li data-start=\"372\" data-end=\"585\">2 \u00d7 750 g de Vagens de Alfarroba Inteiras (1,5 kg no total)<\/li>\n<li data-start=\"372\" data-end=\"585\">Colhidas \u00e0 m\u00e3o na nossa quinta em Portugal<\/li>\n<li data-start=\"372\" data-end=\"585\">Torradas levemente a 80\u201385 \u00b0C para preservar a do\u00e7ura natural<\/li>\n<li data-start=\"372\" data-end=\"585\">Qualidade cuidadosamente selecionada<\/li>\n<li data-start=\"372\" data-end=\"585\">Sem aditivos. Sem conservantes.<\/li>\n<li data-start=\"372\" data-end=\"585\">Produ\u00e7\u00e3o artesanal da quinta<\/li>\n<li data-start=\"372\" data-end=\"585\">\n<p data-section-id=\"11pfgnu\" data-start=\"141\" data-end=\"215\">Produto natural n\u00e3o tratado \u2013 podem ocorrer pequenas varia\u00e7\u00f5es naturais<\/p>\n<\/li>\n<\/ul>\n<p data-start=\"587\" data-end=\"691\">Enviado em 1\u20132 dias \u00fateis a partir de Portugal.<br data-start=\"632\" data-end=\"635\" \/>Todos os pre\u00e7os incluem IVA. Taxas de envio UE transparentes.<\/p>\n<p data-start=\"693\" data-end=\"728\"><a href=\"https:\/\/rusticalgarve.eu\/pt-pt\/envio-e-devolucoes\/\">Consulte os detalhes completos de envio aqui.<\/a><\/p>\n","protected":false},"featured_media":641,"comment_status":"open","ping_status":"closed","template":"","meta":{"site-sidebar-layout":"default","site-content-layout":"","ast-site-content-layout":"default","site-content-style":"default","site-sidebar-style":"default","ast-global-header-display":"","ast-banner-title-visibility":"","ast-main-header-display":"","ast-hfb-above-header-display":"","ast-hfb-below-header-display":"","ast-hfb-mobile-header-display":"","site-post-title":"","ast-breadcrumbs-content":"","ast-featured-img":"","footer-sml-layout":"","ast-disable-related-posts":"","theme-transparent-header-meta":"default","adv-header-id-meta":"","stick-header-meta":"","header-above-stick-meta":"","header-main-stick-meta":"","header-below-stick-meta":"","astra-migrate-meta-layouts":"set","ast-page-background-enabled":"default","ast-page-background-meta":{"desktop":{"background-color":"var(--ast-global-color-5)","background-image":"","background-repeat":"repeat","background-position":"center center","background-size":"auto","background-attachment":"scroll","background-type":"","background-media":"","overlay-type":"","overlay-color":"","overlay-opacity":"","overlay-gradient":""},"tablet":{"background-color":"","background-image":"","background-repeat":"repeat","background-position":"center center","background-size":"auto","background-attachment":"scroll","background-type":"","background-media":"","overlay-type":"","overlay-color":"","overlay-opacity":"","overlay-gradient":""},"mobile":{"background-color":"","background-image":"","background-repeat":"repeat","background-position":"center center","background-size":"auto","background-attachment":"scroll","background-type":"","background-media":"","overlay-type":"","overlay-color":"","overlay-opacity":"","overlay-gradient":""}},"ast-content-background-meta":{"desktop":{"background-color":"var(--ast-global-color-4)","background-image":"","background-repeat":"repeat","background-position":"center center","background-size":"auto","background-attachment":"scroll","background-type":"","background-media":"","overlay-type":"","overlay-color":"","overlay-opacity":"","overlay-gradient":""},"tablet":{"background-color":"var(--ast-global-color-4)","background-image":"","background-repeat":"repeat","background-position":"center center","background-size":"auto","background-attachment":"scroll","background-type":"","background-media":"","overlay-type":"","overlay-color":"","overlay-opacity":"","overlay-gradient":""},"mobile":{"background-color":"var(--ast-global-color-4)","background-image":"","background-repeat":"repeat","background-position":"center center","background-size":"auto","background-attachment":"scroll","background-type":"","background-media":"","overlay-type":"","overlay-color":"","overlay-opacity":"","overlay-gradient":""}}},"product_brand":[],"product_cat":[57],"product_tag":[],"class_list":{"0":"post-640","1":"product","2":"type-product","3":"status-publish","4":"has-post-thumbnail","6":"product_cat-vagens-de-alfarroba-inteiras","7":"product_shipping_class-1-2-kg","8":"desktop-align-left","9":"tablet-align-left","10":"mobile-align-left","12":"first","13":"instock","14":"taxable","15":"shipping-taxable","16":"purchasable","17":"product-type-simple"},"_links":{"self":[{"href":"https:\/\/rusticalgarve.eu\/pt-pt\/wp-json\/wp\/v2\/product\/640","targetHints":{"allow":["GET"]}}],"collection":[{"href":"https:\/\/rusticalgarve.eu\/pt-pt\/wp-json\/wp\/v2\/product"}],"about":[{"href":"https:\/\/rusticalgarve.eu\/pt-pt\/wp-json\/wp\/v2\/types\/product"}],"replies":[{"embeddable":true,"href":"https:\/\/rusticalgarve.eu\/pt-pt\/wp-json\/wp\/v2\/comments?post=640"}],"wp:featuredmedia":[{"embeddable":true,"href":"https:\/\/rusticalgarve.eu\/pt-pt\/wp-json\/wp\/v2\/media\/641"}],"wp:attachment":[{"href":"https:\/\/rusticalgarve.eu\/pt-pt\/wp-json\/wp\/v2\/media?parent=640"}],"wp:term":[{"taxonomy":"product_brand","embeddable":true,"href":"https:\/\/rusticalgarve.eu\/pt-pt\/wp-json\/wp\/v2\/product_brand?post=640"},{"taxonomy":"product_cat","embeddable":true,"href":"https:\/\/rusticalgarve.eu\/pt-pt\/wp-json\/wp\/v2\/product_cat?post=640"},{"taxonomy":"product_tag","embeddable":true,"href":"https:\/\/rusticalgarve.eu\/pt-pt\/wp-json\/wp\/v2\/product_tag?post=640"}],"curies":[{"name":"wp","href":"https:\/\/api.w.org\/{rel}","templated":true}]}}